{"id":3842,"date":"2025-04-01T11:55:22","date_gmt":"2025-04-01T09:55:22","guid":{"rendered":"https:\/\/gagoplast.cat\/?page_id=3842"},"modified":"2026-01-30T10:36:08","modified_gmt":"2026-01-30T08:36:08","slug":"contact","status":"publish","type":"page","link":"https:\/\/gagoplast.cat\/en\/contact\/","title":{"rendered":"Contact"},"content":{"rendered":"\t\t<div data-elementor-type=\"wp-page\" data-elementor-id=\"3842\" class=\"elementor elementor-3842 elementor-2413\" data-elementor-post-type=\"page\">\n\t\t\t\t        <section class=\"elementor-section elementor-top-section elementor-element elementor-element-fe728ec elementor-section-stretched elementor-section-boxed elementor-section-height-default elementor-section-height-default pxl-type-header-none pxl-row-scroll-none pxl-bg-color-none pxl-section-overlay-none\" data-id=\"fe728ec\" data-element_type=\"section\" data-settings=\"{&quot;stretch_section&quot;:&quot;section-stretched&quot;,&quot;background_background&quot;:&quot;classic&quot;}\">\n\n                \n                <div class=\"elementor-container elementor-column-gap-extended \">\n                <div class=\"elementor-column elementor-col-100 elementor-top-column elementor-element elementor-element-aad3f0e pxl-col-none pxl-column-none\" data-id=\"aad3f0e\" data-element_type=\"column\">\r\n        <div class=\"elementor-widget-wrap elementor-element-populated\">\r\n                     \r\n                <section class=\"elementor-section elementor-inner-section elementor-element elementor-element-a5f2eef pxl-section-shadow1 elementor-section-boxed elementor-section-height-default elementor-section-height-default pxl-type-header-none pxl-row-scroll-none pxl-bg-color-none pxl-section-overlay-none\" data-id=\"a5f2eef\" data-element_type=\"section\" data-settings=\"{&quot;background_background&quot;:&quot;classic&quot;}\">\n\n                \n                <div class=\"elementor-container elementor-column-gap-extended \">\n                <div class=\"elementor-column elementor-col-50 elementor-inner-column elementor-element elementor-element-a930d2c pxl-col-none pxl-column-none\" data-id=\"a930d2c\" data-element_type=\"column\">\r\n        <div class=\"elementor-widget-wrap elementor-element-populated\">\r\n                     \r\n        \t\t<div class=\"elementor-element elementor-element-ca1261b elementor-widget__width-auto elementor-absolute elementor-hidden-tablet elementor-hidden-mobile elementor-widget elementor-widget-pxl_image\" data-id=\"ca1261b\" data-element_type=\"widget\" data-settings=\"{&quot;_position&quot;:&quot;absolute&quot;}\" data-widget_type=\"pxl_image.default\">\n\t\t\t\t<div class=\"elementor-widget-container\">\n\t\t\t\t\t<div id=\"pxl_image-ca1261b-9971\" class=\"pxl-image-single slide-top-to-bottom  \" data-wow-delay=\"ms\" >\r\n    \r\n                        <div class=\"pxl-item--inner\">\r\n                                            <img decoding=\"async\" width=\"195\" height=\"164\" src=\"https:\/\/gagoplast.cat\/wp-content\/uploads\/2022\/03\/contact-plane.png\" class=\"no-lazyload attachment-full\" alt=\"Logo\" \/>                                    <\/div>\r\n                \r\n    <\/div>\t\t\t\t<\/div>\n\t\t\t\t<\/div>\n\t\t\t\t<div class=\"elementor-element elementor-element-3cc7d6a elementor-widget elementor-widget-text_editor\" data-id=\"3cc7d6a\" data-element_type=\"widget\" data-widget_type=\"text_editor.default\">\n\t\t\t\t<div class=\"elementor-widget-container\">\n\t\t\t\t\t<div class=\"pxl-text-editor\">\n\t<div class=\"pxl-item--inner  \" data-wow-delay=\"ms\">\n\t\t<h1>CONTACT<\/h1>\t\t\n\t<\/div>\n<\/div>\t\t\t\t<\/div>\n\t\t\t\t<\/div>\n\t\t\t\t<div class=\"elementor-element elementor-element-1f24018 elementor-widget elementor-widget-text-editor\" data-id=\"1f24018\" data-element_type=\"widget\" data-widget_type=\"text-editor.default\">\n\t\t\t\t<div class=\"elementor-widget-container\">\n\t\t\t\t\t\t\t\t\t<p>You can contact us by filling out this form if you need professional advice or have any questions. You can also fill out the form to leave comments or suggestions.<\/p>\t\t\t\t\t\t\t\t<\/div>\n\t\t\t\t<\/div>\n\t\t\t\t<div class=\"elementor-element elementor-element-c1c6d9e elementor-widget elementor-widget-contact_form\" data-id=\"c1c6d9e\" data-element_type=\"widget\" data-widget_type=\"contact_form.default\">\n\t\t\t\t<div class=\"elementor-widget-container\">\n\t\t\t\t\t    <div class=\"pxl-contact-form pxl-contact-form1 notice-style1 box-style-none button-style1 btn-w-full \" data-wow-delay=\"ms\">\r\n                \n<div class=\"wpcf7 no-js\" id=\"wpcf7-f3844-o1\" lang=\"ca\" dir=\"ltr\" data-wpcf7-id=\"3844\">\n<div class=\"screen-reader-response\"><p role=\"status\" aria-live=\"polite\" aria-atomic=\"true\"><\/p> <ul><\/ul><\/div>\n<form action=\"\/en\/wp-json\/wp\/v2\/pages\/3842#wpcf7-f3844-o1\" method=\"post\" class=\"wpcf7-form init\" aria-label=\"Formulari de contacte\" novalidate=\"novalidate\" data-status=\"init\">\n<fieldset class=\"hidden-fields-container\"><input type=\"hidden\" name=\"_wpcf7\" value=\"3844\" \/><input type=\"hidden\" name=\"_wpcf7_version\" value=\"6.1.4\" \/><input type=\"hidden\" name=\"_wpcf7_locale\" value=\"ca\" \/><input type=\"hidden\" name=\"_wpcf7_unit_tag\" value=\"wpcf7-f3844-o1\" \/><input type=\"hidden\" name=\"_wpcf7_container_post\" value=\"0\" \/><input type=\"hidden\" name=\"_wpcf7_posted_data_hash\" value=\"\" \/><input type=\"hidden\" name=\"_wpcf7_recaptcha_response\" value=\"\" \/>\n<\/fieldset>\n<div class=\"pxl--item\">\n\t<p><span class=\"wpcf7-form-control-wrap\" data-name=\"your-name\"><input size=\"40\" maxlength=\"400\" class=\"wpcf7-form-control wpcf7-text wpcf7-validates-as-required\" aria-required=\"true\" aria-invalid=\"false\" placeholder=\"First and last name\" value=\"\" type=\"text\" name=\"your-name\" \/><\/span>\n\t<\/p>\n<\/div>\n<div class=\"pxl--item\">\n\t<p><span class=\"wpcf7-form-control-wrap\" data-name=\"your-email\"><input size=\"40\" maxlength=\"400\" class=\"wpcf7-form-control wpcf7-email wpcf7-validates-as-required wpcf7-text wpcf7-validates-as-email\" aria-required=\"true\" aria-invalid=\"false\" placeholder=\"Email\" value=\"\" type=\"email\" name=\"your-email\" \/><\/span>\n\t<\/p>\n<\/div>\n<div class=\"pxl--item\">\n\t<p><span class=\"wpcf7-form-control-wrap\" data-name=\"tel-938\"><input size=\"40\" maxlength=\"400\" class=\"wpcf7-form-control wpcf7-tel wpcf7-validates-as-required wpcf7-text wpcf7-validates-as-tel\" aria-required=\"true\" aria-invalid=\"false\" placeholder=\"Phone\" value=\"\" type=\"tel\" name=\"tel-938\" \/><\/span>\n\t<\/p>\n<\/div>\n<div class=\"pxl--item\">\n\t<p><span class=\"wpcf7-form-control-wrap\" data-name=\"your-message\"><textarea cols=\"40\" rows=\"10\" maxlength=\"2000\" class=\"wpcf7-form-control wpcf7-textarea\" aria-invalid=\"false\" placeholder=\"Message...\" name=\"your-message\"><\/textarea><\/span>\n\t<\/p>\n<\/div>\n<div class=\"pxl--item\">\n\t<p><input class=\"wpcf7-form-control wpcf7-submit has-spinner\" type=\"submit\" value=\"Send message\" \/>\n\t<\/p>\n<\/div><div class=\"wpcf7-response-output\" aria-hidden=\"true\"><\/div>\n<\/form>\n<\/div>\n    <\/div>\r\n\t\t\t\t<\/div>\n\t\t\t\t<\/div>\n\t\t            <\/div>\r\n        <\/div>\r\n                <div class=\"elementor-column elementor-col-50 elementor-inner-column elementor-element elementor-element-bbb6474 pxl-col-none pxl-column-none\" data-id=\"bbb6474\" data-element_type=\"column\" data-settings=\"{&quot;background_background&quot;:&quot;classic&quot;}\">\r\n        <div class=\"elementor-widget-wrap elementor-element-populated\">\r\n                     \r\n        \t\t<div class=\"elementor-element elementor-element-0024323 elementor-widget__width-auto elementor-absolute elementor-widget-divider--view-line elementor-widget elementor-widget-divider\" data-id=\"0024323\" data-element_type=\"widget\" data-settings=\"{&quot;_position&quot;:&quot;absolute&quot;}\" data-widget_type=\"divider.default\">\n\t\t\t\t<div class=\"elementor-widget-container\">\n\t\t\t\t\t\t\t<div class=\"elementor-divider\">\n\t\t\t<span class=\"elementor-divider-separator\">\n\t\t\t\t\t\t<\/span>\n\t\t<\/div>\n\t\t\t\t\t\t<\/div>\n\t\t\t\t<\/div>\n\t\t\t\t<div class=\"elementor-element elementor-element-8d84907 elementor-widget elementor-widget-heading\" data-id=\"8d84907\" data-element_type=\"widget\" data-widget_type=\"heading.default\">\n\t\t\t\t<div class=\"elementor-widget-container\">\n\t\t\t\t\t<div id=\"pxl-heading-8d84907-8118\" class=\"pxl-heading typewriter-color\">\n\t<div class=\"pxl-heading--inner\">\n\t\t\n\t\t\t\t\t<h2 class=\"pxl-item--title  highlight-default ft-walsheim\" data-wow-delay=\"ms\">\n\t\t\t\tINFO\t\t\n\t\t\t<\/h2>\n\t\t\n\t\t\t<\/div>\n<\/div>\t\t\t\t<\/div>\n\t\t\t\t<\/div>\n\t\t\t\t<div class=\"elementor-element elementor-element-fe2f91c elementor-widget elementor-widget-link\" data-id=\"fe2f91c\" data-element_type=\"widget\" data-widget_type=\"link.default\">\n\t\t\t\t<div class=\"elementor-widget-container\">\n\t\t\t\t\t    <ul id=\"pxl-link-link-fe2f91c-6856\" class=\"pxl-link pxl-link-l1  hv-style1 ft-walsheim\" data-wow-delay=\"ms\">\r\n                        <li>\r\n                    <a href=\"mailto:info@gagoplast.cat\">\r\n                        <i aria-hidden=\"true\" class=\"   far fa-comment-alt-lines\"><\/i>                        <span class=\"text-color\">info@gagoplast.cat<\/span>\r\n                    <\/a>\r\n                <\/li>\r\n                        <li>\r\n                    <a href=\"tel:+34628655420\">\r\n                        <i aria-hidden=\"true\" class=\"   far fa-phone-volume\"><\/i>                        <span class=\"text-color\">+ 34 628 65 54 20<\/span>\r\n                    <\/a>\r\n                <\/li>\r\n                        <li>\r\n                    <a href=\"#mapa\">\r\n                        <i aria-hidden=\"true\" class=\"   far fa-map-marker-edit\"><\/i>                        <span class=\"text-color\">Pol. Ind. Plans d'Arau, Carrer Thomas Alva Edison, 30, 08787 La Pobla de Claramunt, Barcelona<\/span>\r\n                    <\/a>\r\n                <\/li>\r\n                        <li>\r\n                    <a >\r\n                        <i aria-hidden=\"true\" class=\"   far fa-alarm-clock\"><\/i>                        <span class=\"text-color\">Mon - Fri:<br\/>09:00 - 13:00<br\/>15:00 - 19:00<\/span>\r\n                    <\/a>\r\n                <\/li>\r\n            <\/ul>\r\n\t\t\t\t<\/div>\n\t\t\t\t<\/div>\n\t\t\t\t<div class=\"elementor-element elementor-element-46aeeab elementor-hidden-desktop elementor-hidden-tablet elementor-hidden-mobile elementor-widget elementor-widget-icon\" data-id=\"46aeeab\" data-element_type=\"widget\" data-widget_type=\"icon.default\">\n\t\t\t\t<div class=\"elementor-widget-container\">\n\t\t\t\t\t    <div class=\"pxl-icon1 hv-style-default style-round-box \" data-wow-delay=\"ms\">\r\n                                    <a class=\"elementor-repeater-item-dc03dd3 ps-top\" href=\"#\">\r\n                    <i aria-hidden=\"true\" class=\"fab fa-facebook-f\"><\/i>                                    <\/a>\r\n                                                            <a class=\"elementor-repeater-item-fdd809a ps-top\" href=\"#\">\r\n                    <i aria-hidden=\"true\" class=\"fab fa-twitter\"><\/i>                                    <\/a>\r\n                                                            <a class=\"elementor-repeater-item-88bd58e ps-top\" href=\"#\">\r\n                    <i aria-hidden=\"true\" class=\"fab fa-dribbble\"><\/i>                                    <\/a>\r\n                                                            <a class=\"elementor-repeater-item-95eabe1 ps-top\" href=\"#\">\r\n                    <i aria-hidden=\"true\" class=\"fab fa-behance\"><\/i>                                    <\/a>\r\n                                    <\/div>\r\n\t\t\t\t<\/div>\n\t\t\t\t<\/div>\n\t\t            <\/div>\r\n        <\/div>\r\n        \t\t\t<\/div>\n\t\t<\/section>\n\t\t            <\/div>\r\n        <\/div>\r\n        \t\t\t<\/div>\n\t\t<\/section>\n\t\t        <section class=\"elementor-section elementor-top-section elementor-element elementor-element-3951a08 elementor-section-full_width elementor-section-height-default elementor-section-height-default pxl-type-header-none pxl-row-scroll-none pxl-full-content-with-space-none pxl-bg-color-none pxl-section-overlay-none\" data-id=\"3951a08\" data-element_type=\"section\" id=\"mapa\">\n\n                \n                <div class=\"elementor-container elementor-column-gap-default \">\n                <div class=\"elementor-column elementor-col-100 elementor-top-column elementor-element elementor-element-d8bbc24 pxl-col-none pxl-column-none\" data-id=\"d8bbc24\" data-element_type=\"column\">\r\n        <div class=\"elementor-widget-wrap elementor-element-populated\">\r\n                     \r\n        \t\t<div class=\"elementor-element elementor-element-15acc1c elementor-widget elementor-widget-google_maps\" data-id=\"15acc1c\" data-element_type=\"widget\" data-widget_type=\"google_maps.default\">\n\t\t\t\t<div class=\"elementor-widget-container\">\n\t\t\t\t\t\t\t<div class=\"elementor-custom-embed\">\n\t\t\t<iframe loading=\"lazy\"\n\t\t\t\t\tsrc=\"https:\/\/maps.google.com\/maps?q=Pol.%20Ind.%20Plans%20d%27Arau%2C%20Carrer%20Thomas%20Alva%20Edison%2C%2030%2C%2008787%20La%20Pobla%20de%20Claramunt%2C%20Barcelona&#038;t=m&#038;z=16&#038;output=embed&#038;iwloc=near\"\n\t\t\t\t\ttitle=\"Pol. Ind. Plans d&#039;Arau, Carrer Thomas Alva Edison, 30, 08787 La Pobla de Claramunt, Barcelona\"\n\t\t\t\t\taria-label=\"Pol. Ind. Plans d&#039;Arau, Carrer Thomas Alva Edison, 30, 08787 La Pobla de Claramunt, Barcelona\"\n\t\t\t><\/iframe>\n\t\t<\/div>\n\t\t\t\t\t\t<\/div>\n\t\t\t\t<\/div>\n\t\t            <\/div>\r\n        <\/div>\r\n        \t\t\t<\/div>\n\t\t<\/section>\n\t\t\t\t<\/div>\n\t\t","protected":false},"excerpt":{"rendered":"<p>CONTACT You can contact us by filling out this form if you need professional advice or have any questions. You can also fill out the form to leave comments or suggestions. INFO info@gagoplast.cat + 34 628 65 54 20 Pol. Ind. Plans d&#8217;Arau, Carrer Thomas Alva Edison, 30, 08787 La Pobla de Claramunt, Barcelona Mon [&hellip;]<\/p>\n","protected":false},"author":1,"featured_media":0,"parent":0,"menu_order":0,"comment_status":"closed","ping_status":"closed","template":"","meta":{"footnotes":""},"class_list":["post-3842","page","type-page","status-publish","hentry"],"yoast_head":"<!-- This site is optimized with the Yoast SEO plugin v26.8 - https:\/\/yoast.com\/product\/yoast-seo-wordpress\/ -->\n<title>Contacte Gagoplast \u2013 Experts en injecci\u00f3 de pl\u00e0stics t\u00e8cnics<\/title>\n<meta name=\"description\" content=\"Posa\u2019t en contacte amb Gagoplast, especialistes en injecci\u00f3 de pl\u00e0stics t\u00e8cnics. Demana pressupost o m\u00e9s informaci\u00f3 sobre els nostres serveis\" \/>\n<meta name=\"robots\" content=\"index, follow, max-snippet:-1, max-image-preview:large, max-video-preview:-1\" \/>\n<link rel=\"canonical\" href=\"https:\/\/gagoplast.cat\/en\/contact\/\" \/>\n<meta property=\"og:locale\" content=\"en_US\" \/>\n<meta property=\"og:type\" content=\"article\" \/>\n<meta property=\"og:title\" content=\"Contacte Gagoplast \u2013 Experts en injecci\u00f3 de pl\u00e0stics t\u00e8cnics\" \/>\n<meta property=\"og:description\" content=\"Posa\u2019t en contacte amb Gagoplast, especialistes en injecci\u00f3 de pl\u00e0stics t\u00e8cnics. Demana pressupost o m\u00e9s informaci\u00f3 sobre els nostres serveis\" \/>\n<meta property=\"og:url\" content=\"https:\/\/gagoplast.cat\/en\/contact\/\" \/>\n<meta property=\"og:site_name\" content=\"Gagoplast\" \/>\n<meta property=\"article:modified_time\" content=\"2026-01-30T08:36:08+00:00\" \/>\n<meta property=\"og:image\" content=\"https:\/\/gagoplast.cat\/wp-content\/uploads\/2022\/03\/contact-plane.png\" \/>\n<meta name=\"twitter:card\" content=\"summary_large_image\" \/>\n<meta name=\"twitter:label1\" content=\"Est. reading time\" \/>\n\t<meta name=\"twitter:data1\" content=\"1 minute\" \/>\n<script type=\"application\/ld+json\" class=\"yoast-schema-graph\">{\"@context\":\"https:\/\/schema.org\",\"@graph\":[{\"@type\":\"WebPage\",\"@id\":\"https:\/\/gagoplast.cat\/en\/contact\/\",\"url\":\"https:\/\/gagoplast.cat\/en\/contact\/\",\"name\":\"Contacte Gagoplast \u2013 Experts en injecci\u00f3 de pl\u00e0stics t\u00e8cnics\",\"isPartOf\":{\"@id\":\"https:\/\/gagoplast.cat\/en\/#website\"},\"primaryImageOfPage\":{\"@id\":\"https:\/\/gagoplast.cat\/en\/contact\/#primaryimage\"},\"image\":{\"@id\":\"https:\/\/gagoplast.cat\/en\/contact\/#primaryimage\"},\"thumbnailUrl\":\"https:\/\/gagoplast.cat\/wp-content\/uploads\/2022\/03\/contact-plane.png\",\"datePublished\":\"2025-04-01T09:55:22+00:00\",\"dateModified\":\"2026-01-30T08:36:08+00:00\",\"description\":\"Posa\u2019t en contacte amb Gagoplast, especialistes en injecci\u00f3 de pl\u00e0stics t\u00e8cnics. Demana pressupost o m\u00e9s informaci\u00f3 sobre els nostres serveis\",\"breadcrumb\":{\"@id\":\"https:\/\/gagoplast.cat\/en\/contact\/#breadcrumb\"},\"inLanguage\":\"en-US\",\"potentialAction\":[{\"@type\":\"ReadAction\",\"target\":[\"https:\/\/gagoplast.cat\/en\/contact\/\"]}]},{\"@type\":\"ImageObject\",\"inLanguage\":\"en-US\",\"@id\":\"https:\/\/gagoplast.cat\/en\/contact\/#primaryimage\",\"url\":\"https:\/\/gagoplast.cat\/wp-content\/uploads\/2022\/03\/contact-plane.png\",\"contentUrl\":\"https:\/\/gagoplast.cat\/wp-content\/uploads\/2022\/03\/contact-plane.png\"},{\"@type\":\"BreadcrumbList\",\"@id\":\"https:\/\/gagoplast.cat\/en\/contact\/#breadcrumb\",\"itemListElement\":[{\"@type\":\"ListItem\",\"position\":1,\"name\":\"Inici\",\"item\":\"https:\/\/gagoplast.cat\/en\/\"},{\"@type\":\"ListItem\",\"position\":2,\"name\":\"Contact\"}]},{\"@type\":\"WebSite\",\"@id\":\"https:\/\/gagoplast.cat\/en\/#website\",\"url\":\"https:\/\/gagoplast.cat\/en\/\",\"name\":\"Gagoplast\",\"description\":\"Injecci\u00f3 de pl\u00e0stics a Barcelona\",\"publisher\":{\"@id\":\"https:\/\/gagoplast.cat\/en\/#organization\"},\"potentialAction\":[{\"@type\":\"SearchAction\",\"target\":{\"@type\":\"EntryPoint\",\"urlTemplate\":\"https:\/\/gagoplast.cat\/en\/?s={search_term_string}\"},\"query-input\":{\"@type\":\"PropertyValueSpecification\",\"valueRequired\":true,\"valueName\":\"search_term_string\"}}],\"inLanguage\":\"en-US\"},{\"@type\":\"Organization\",\"@id\":\"https:\/\/gagoplast.cat\/en\/#organization\",\"name\":\"Gagoplast\",\"url\":\"https:\/\/gagoplast.cat\/en\/\",\"logo\":{\"@type\":\"ImageObject\",\"inLanguage\":\"en-US\",\"@id\":\"https:\/\/gagoplast.cat\/en\/#\/schema\/logo\/image\/\",\"url\":\"https:\/\/gagoplast.cat\/wp-content\/uploads\/2025\/03\/gagoplas_logo_2025-300x240-1.png\",\"contentUrl\":\"https:\/\/gagoplast.cat\/wp-content\/uploads\/2025\/03\/gagoplas_logo_2025-300x240-1.png\",\"width\":272,\"height\":200,\"caption\":\"Gagoplast\"},\"image\":{\"@id\":\"https:\/\/gagoplast.cat\/en\/#\/schema\/logo\/image\/\"}}]}<\/script>\n<!-- \/ Yoast SEO plugin. -->","yoast_head_json":{"title":"Contacte Gagoplast \u2013 Experts en injecci\u00f3 de pl\u00e0stics t\u00e8cnics","description":"Posa\u2019t en contacte amb Gagoplast, especialistes en injecci\u00f3 de pl\u00e0stics t\u00e8cnics. Demana pressupost o m\u00e9s informaci\u00f3 sobre els nostres serveis","robots":{"index":"index","follow":"follow","max-snippet":"max-snippet:-1","max-image-preview":"max-image-preview:large","max-video-preview":"max-video-preview:-1"},"canonical":"https:\/\/gagoplast.cat\/en\/contact\/","og_locale":"en_US","og_type":"article","og_title":"Contacte Gagoplast \u2013 Experts en injecci\u00f3 de pl\u00e0stics t\u00e8cnics","og_description":"Posa\u2019t en contacte amb Gagoplast, especialistes en injecci\u00f3 de pl\u00e0stics t\u00e8cnics. Demana pressupost o m\u00e9s informaci\u00f3 sobre els nostres serveis","og_url":"https:\/\/gagoplast.cat\/en\/contact\/","og_site_name":"Gagoplast","article_modified_time":"2026-01-30T08:36:08+00:00","og_image":[{"url":"https:\/\/gagoplast.cat\/wp-content\/uploads\/2022\/03\/contact-plane.png","type":"","width":"","height":""}],"twitter_card":"summary_large_image","twitter_misc":{"Est. reading time":"1 minute"},"schema":{"@context":"https:\/\/schema.org","@graph":[{"@type":"WebPage","@id":"https:\/\/gagoplast.cat\/en\/contact\/","url":"https:\/\/gagoplast.cat\/en\/contact\/","name":"Contacte Gagoplast \u2013 Experts en injecci\u00f3 de pl\u00e0stics t\u00e8cnics","isPartOf":{"@id":"https:\/\/gagoplast.cat\/en\/#website"},"primaryImageOfPage":{"@id":"https:\/\/gagoplast.cat\/en\/contact\/#primaryimage"},"image":{"@id":"https:\/\/gagoplast.cat\/en\/contact\/#primaryimage"},"thumbnailUrl":"https:\/\/gagoplast.cat\/wp-content\/uploads\/2022\/03\/contact-plane.png","datePublished":"2025-04-01T09:55:22+00:00","dateModified":"2026-01-30T08:36:08+00:00","description":"Posa\u2019t en contacte amb Gagoplast, especialistes en injecci\u00f3 de pl\u00e0stics t\u00e8cnics. Demana pressupost o m\u00e9s informaci\u00f3 sobre els nostres serveis","breadcrumb":{"@id":"https:\/\/gagoplast.cat\/en\/contact\/#breadcrumb"},"inLanguage":"en-US","potentialAction":[{"@type":"ReadAction","target":["https:\/\/gagoplast.cat\/en\/contact\/"]}]},{"@type":"ImageObject","inLanguage":"en-US","@id":"https:\/\/gagoplast.cat\/en\/contact\/#primaryimage","url":"https:\/\/gagoplast.cat\/wp-content\/uploads\/2022\/03\/contact-plane.png","contentUrl":"https:\/\/gagoplast.cat\/wp-content\/uploads\/2022\/03\/contact-plane.png"},{"@type":"BreadcrumbList","@id":"https:\/\/gagoplast.cat\/en\/contact\/#breadcrumb","itemListElement":[{"@type":"ListItem","position":1,"name":"Inici","item":"https:\/\/gagoplast.cat\/en\/"},{"@type":"ListItem","position":2,"name":"Contact"}]},{"@type":"WebSite","@id":"https:\/\/gagoplast.cat\/en\/#website","url":"https:\/\/gagoplast.cat\/en\/","name":"Gagoplast","description":"Injecci\u00f3 de pl\u00e0stics a Barcelona","publisher":{"@id":"https:\/\/gagoplast.cat\/en\/#organization"},"potentialAction":[{"@type":"SearchAction","target":{"@type":"EntryPoint","urlTemplate":"https:\/\/gagoplast.cat\/en\/?s={search_term_string}"},"query-input":{"@type":"PropertyValueSpecification","valueRequired":true,"valueName":"search_term_string"}}],"inLanguage":"en-US"},{"@type":"Organization","@id":"https:\/\/gagoplast.cat\/en\/#organization","name":"Gagoplast","url":"https:\/\/gagoplast.cat\/en\/","logo":{"@type":"ImageObject","inLanguage":"en-US","@id":"https:\/\/gagoplast.cat\/en\/#\/schema\/logo\/image\/","url":"https:\/\/gagoplast.cat\/wp-content\/uploads\/2025\/03\/gagoplas_logo_2025-300x240-1.png","contentUrl":"https:\/\/gagoplast.cat\/wp-content\/uploads\/2025\/03\/gagoplas_logo_2025-300x240-1.png","width":272,"height":200,"caption":"Gagoplast"},"image":{"@id":"https:\/\/gagoplast.cat\/en\/#\/schema\/logo\/image\/"}}]}},"_links":{"self":[{"href":"https:\/\/gagoplast.cat\/en\/wp-json\/wp\/v2\/pages\/3842","targetHints":{"allow":["GET"]}}],"collection":[{"href":"https:\/\/gagoplast.cat\/en\/wp-json\/wp\/v2\/pages"}],"about":[{"href":"https:\/\/gagoplast.cat\/en\/wp-json\/wp\/v2\/types\/page"}],"author":[{"embeddable":true,"href":"https:\/\/gagoplast.cat\/en\/wp-json\/wp\/v2\/users\/1"}],"replies":[{"embeddable":true,"href":"https:\/\/gagoplast.cat\/en\/wp-json\/wp\/v2\/comments?post=3842"}],"version-history":[{"count":4,"href":"https:\/\/gagoplast.cat\/en\/wp-json\/wp\/v2\/pages\/3842\/revisions"}],"predecessor-version":[{"id":4201,"href":"https:\/\/gagoplast.cat\/en\/wp-json\/wp\/v2\/pages\/3842\/revisions\/4201"}],"wp:attachment":[{"href":"https:\/\/gagoplast.cat\/en\/wp-json\/wp\/v2\/media?parent=3842"}],"curies":[{"name":"wp","href":"https:\/\/api.w.org\/{rel}","templated":true}]}}