{"id":3877,"date":"2025-04-01T14:21:19","date_gmt":"2025-04-01T12:21:19","guid":{"rendered":"https:\/\/gagoplast.cat\/?page_id=3877"},"modified":"2025-10-16T10:14:22","modified_gmt":"2025-10-16T08:14:22","slug":"cookie-policy","status":"publish","type":"page","link":"https:\/\/gagoplast.cat\/en\/cookie-policy\/","title":{"rendered":"Cookie policy"},"content":{"rendered":"\t\t<div data-elementor-type=\"wp-page\" data-elementor-id=\"3877\" class=\"elementor elementor-3877 elementor-2550\" data-elementor-post-type=\"page\">\n\t\t\t\t        <section class=\"elementor-section elementor-top-section elementor-element elementor-element-3334228 elementor-section-boxed elementor-section-height-default elementor-section-height-default pxl-type-header-none pxl-row-scroll-none pxl-bg-color-none pxl-section-overlay-none\" data-id=\"3334228\" data-element_type=\"section\">\n\n                \n                <div class=\"elementor-container elementor-column-gap-extended \">\n                <div class=\"elementor-column elementor-col-100 elementor-top-column elementor-element elementor-element-13b8670 pxl-col-none pxl-column-none\" data-id=\"13b8670\" data-element_type=\"column\">\r\n        <div class=\"elementor-widget-wrap elementor-element-populated\">\r\n                     \r\n        \t\t<div class=\"elementor-element elementor-element-244016c elementor-widget elementor-widget-heading\" data-id=\"244016c\" data-element_type=\"widget\" data-widget_type=\"heading.default\">\n\t\t\t\t<div class=\"elementor-widget-container\">\n\t\t\t\t\t<div id=\"pxl-heading-244016c-7732\" class=\"pxl-heading typewriter-color\">\n\t<div class=\"pxl-heading--inner\">\n\t\t\t\t\t<div class=\"pxl-item--subtitle sub-style-gradient \" data-wow-delay=\"ms\">\n\t\t\t\t<span>\n\t\t\t\t\t\t\t\t\t\tPOL\u00cdTICA DE COOKIES\t\t\t\t<\/span>\n\t\t\t\t\t\t\t<\/div>\n\t\t\n\t\t\t\t\t<h3 class=\"pxl-item--title  highlight-default \" data-wow-delay=\"ms\">\n\t\t\t\tLLEI DELS SERVEIS DE LA SOCIETAT DE LA INFORMACI\u00d3 (LSSI)\t\t\n\t\t\t<\/h3>\n\t\t\n\t\t\t<\/div>\n<\/div>\t\t\t\t<\/div>\n\t\t\t\t<\/div>\n\t\t\t\t<div class=\"elementor-element elementor-element-0c926d1 elementor-widget elementor-widget-text_editor\" data-id=\"0c926d1\" data-element_type=\"widget\" data-widget_type=\"text_editor.default\">\n\t\t\t\t<div class=\"elementor-widget-container\">\n\t\t\t\t\t<div class=\"pxl-text-editor\">\n\t<div class=\"pxl-item--inner  \" data-wow-delay=\"ms\">\n\t\t<p>GAGOPLAST , S.L., Responsable del lloc web, d\u2019ara endavant RESPONSABLE, posa a disposici\u00f3 dels usuaris el present document, amb el qual pret\u00e9n donar compliment a les obligacions disposades a la Llei 34\/2002, de 11 de juliol, de Serveis de la Societat de la Informaci\u00f3 i de Comer\u00e7 Electr\u00f2nic (LSSICE), BOE N\u00ba 166, aix\u00ed com informar a tots els usuaris del lloc web respecte a quines s\u00f3n les condicions d\u2019\u00fas.<\/p><p>Tota persona que accedeixi a aquest lloc web assumeix el paper d\u2019usuari, comprometent-se a l\u2019observan\u00e7a i compliment rigor\u00f3s de les disposicions aqu\u00ed disposades, aix\u00ed com a qualsevol altra disposici\u00f3 legal que fora d\u2019aplicaci\u00f3.<\/p><p>GAGOPLAST , S.L. es reserva el dret de modificar qualsevol tipus d\u2019informaci\u00f3 que pogu\u00e9s apar\u00e8ixer al lloc web, sense que hi hagi obligaci\u00f3 de preavisar o posar en coneixement dels usuaris aquestes obligacions, entenent-se com suficient amb la publicaci\u00f3 al lloc web de GAGOPLAST , S.L.<\/p>\t\t\n\t<\/div>\n<\/div>\t\t\t\t<\/div>\n\t\t\t\t<\/div>\n\t\t\t\t<div class=\"elementor-element elementor-element-7b20cdc elementor-widget elementor-widget-heading\" data-id=\"7b20cdc\" data-element_type=\"widget\" data-widget_type=\"heading.default\">\n\t\t\t\t<div class=\"elementor-widget-container\">\n\t\t\t\t\t<div id=\"pxl-heading-7b20cdc-5520\" class=\"pxl-heading typewriter-color\">\n\t<div class=\"pxl-heading--inner\">\n\t\t\n\t\t\t\t\t<h3 class=\"pxl-item--title  highlight-default \" data-wow-delay=\"ms\">\n\t\t\t\t1. DADES IDENTIFICATIVES\t\t\n\t\t\t<\/h3>\n\t\t\n\t\t\t<\/div>\n<\/div>\t\t\t\t<\/div>\n\t\t\t\t<\/div>\n\t\t\t\t<div class=\"elementor-element elementor-element-3d5437d elementor-widget elementor-widget-text_editor\" data-id=\"3d5437d\" data-element_type=\"widget\" data-widget_type=\"text_editor.default\">\n\t\t\t\t<div class=\"elementor-widget-container\">\n\t\t\t\t\t<div class=\"pxl-text-editor\">\n\t<div class=\"pxl-item--inner  \" data-wow-delay=\"ms\">\n\t\t<p><strong>Nom de domini:<\/strong> <a href=\"http:\/\/www.gagoplast.cat\/avis-legal\/\">http:\/\/www.gagoplast.cat\/avis-legal\/<\/a><br \/><strong>Nom comercial:<\/strong> GAGOPLAST<br \/><strong>Denominaci\u00f3 social:<\/strong> GAGOPLAST , S.L.<br \/>NIF: B-65832586<br \/><strong>Domicili social:<\/strong> Carrer Tomas Alba Edisson, 30, 08787 La Pobla de Claramunt, (Barcelona)<br \/><strong>Tel\u00e8fon:<\/strong> 938086515<br \/><strong>Correu electr\u00f2nic:<\/strong> <a href=\"mailto:info@gagoplast.cat\">info@gagoplast.cat<\/a><br \/>Inscrita al Registre (Mercantil \/ P\u00fablic): Registro Merc. de Barcelona, Tomo 43264, Folio 36, Hoja N\u00ba421981 Inscripci\u00f3n 1\u00aa<\/p>\t\t\n\t<\/div>\n<\/div>\t\t\t\t<\/div>\n\t\t\t\t<\/div>\n\t\t\t\t<div class=\"elementor-element elementor-element-c83fa36 elementor-widget elementor-widget-heading\" data-id=\"c83fa36\" data-element_type=\"widget\" data-widget_type=\"heading.default\">\n\t\t\t\t<div class=\"elementor-widget-container\">\n\t\t\t\t\t<div id=\"pxl-heading-c83fa36-4909\" class=\"pxl-heading typewriter-color\">\n\t<div class=\"pxl-heading--inner\">\n\t\t\n\t\t\t\t\t<h3 class=\"pxl-item--title  highlight-default \" data-wow-delay=\"ms\">\n\t\t\t\t2. DRETS DE PROPIETAT INTEL\u00b7LECTUAL I INDUSTRIAL\t\t\n\t\t\t<\/h3>\n\t\t\n\t\t\t<\/div>\n<\/div>\t\t\t\t<\/div>\n\t\t\t\t<\/div>\n\t\t\t\t<div class=\"elementor-element elementor-element-8286405 elementor-widget elementor-widget-text_editor\" data-id=\"8286405\" data-element_type=\"widget\" data-widget_type=\"text_editor.default\">\n\t\t\t\t<div class=\"elementor-widget-container\">\n\t\t\t\t\t<div class=\"pxl-text-editor\">\n\t<div class=\"pxl-item--inner  \" data-wow-delay=\"ms\">\n\t\t<p>El lloc web, incloent a t\u00edtol enunciatiu per\u00f2 no limitatiu la seva programaci\u00f3, edici\u00f3, compilaci\u00f3 i altres elements necessaris per al seu funcionament, els dissenys, logotips, text i \/ o gr\u00e0fics, s\u00f3n propietat del RESPONSABLE o, si \u00e9s el cas, disposa de llic\u00e8ncia o autoritzaci\u00f3 expressa per part dels autors. Tots els continguts del lloc web es troben degudament protegits per la normativa de Propietat Intel\u00b7lectual i Industrial, aix\u00ed com inscrits als registres p\u00fablics corresponents.<\/p><p>Independentment de la finalitat per a la qual fossin destinades, la reproducci\u00f3 total o parcial, \u00fas, explotaci\u00f3, distribuci\u00f3 i comercialitzaci\u00f3, requereix en tot cas de l\u2019autoritzaci\u00f3 escrita pr\u00e8via per part del RESPONSABLE. Qualsevol \u00fas no autoritzat pr\u00e8viament es considera un incompliment greu dels drets de Propietat Intel\u00b7lectual o Industrial de l\u2019autor.<\/p><p>Els dissenys, logotips, text i \/ o gr\u00e0fics aliens al RESPONSABLE i que poguessin apar\u00e8ixer en el lloc GAGOPLAST , S.L. web, pertanyen als seus respectius propietaris, sent ells mateixos responsables de qualsevol possible controv\u00e8rsia que pogu\u00e9s suscitar-se respecte als mateixos. El RESPONSABLE autoritza expressament a que tercers puguin redirigir directament als continguts concrets del lloc web, i en tot cas redirigir al lloc web principal de <a href=\"http:\/\/www.gagoplast.cat\/avis-legal\">http:\/\/www.gagoplast.cat\/avis-legal<\/a><\/p><p>El RESPONSABLE reconeix a favor dels seus titulars els corresponents drets de Propietat Intel\u00b7lectual i Industrial, no implicant el seu sol esment o aparici\u00f3 en el lloc web l\u2019exist\u00e8ncia de drets o responsabilitat alguna sobre els mateixos, com tampoc suport, patrocini o recomanaci\u00f3 per part del mateix .<\/p><p>Per realitzar qualsevol tipus d\u2019observaci\u00f3 respecte a possibles incompliments dels drets de propietat intel\u00b7lectual o industrial, aix\u00ed com sobre qualsevol dels continguts del lloc web, pot fer-ho a trav\u00e9s del correu electr\u00f2nic <a href=\"mailto:info@gagoplast.cat\">info@gagoplast.cat<\/a><\/p>\t\t\n\t<\/div>\n<\/div>\t\t\t\t<\/div>\n\t\t\t\t<\/div>\n\t\t\t\t<div class=\"elementor-element elementor-element-8e5b4ca elementor-widget elementor-widget-heading\" data-id=\"8e5b4ca\" data-element_type=\"widget\" data-widget_type=\"heading.default\">\n\t\t\t\t<div class=\"elementor-widget-container\">\n\t\t\t\t\t<div id=\"pxl-heading-8e5b4ca-1790\" class=\"pxl-heading typewriter-color\">\n\t<div class=\"pxl-heading--inner\">\n\t\t\n\t\t\t\t\t<h3 class=\"pxl-item--title  highlight-default \" data-wow-delay=\"ms\">\n\t\t\t\t3. EXEMPCI\u00d3 DE RESPONSABILITATS\t\t\n\t\t\t<\/h3>\n\t\t\n\t\t\t<\/div>\n<\/div>\t\t\t\t<\/div>\n\t\t\t\t<\/div>\n\t\t\t\t<div class=\"elementor-element elementor-element-3f6ccb8 elementor-widget elementor-widget-text_editor\" data-id=\"3f6ccb8\" data-element_type=\"widget\" data-widget_type=\"text_editor.default\">\n\t\t\t\t<div class=\"elementor-widget-container\">\n\t\t\t\t\t<div class=\"pxl-text-editor\">\n\t<div class=\"pxl-item--inner  \" data-wow-delay=\"ms\">\n\t\t<p>El RESPONSABLE s\u2019eximeix de qualsevol tipus de responsabilitat derivada de la informaci\u00f3 publicada al seu lloc web sempre que aquesta informaci\u00f3 hagi estat manipulada o introdu\u00efda per un tercer ali\u00e8 a aquest.<\/p>\t\t\n\t<\/div>\n<\/div>\t\t\t\t<\/div>\n\t\t\t\t<\/div>\n\t\t\t\t<div class=\"elementor-element elementor-element-993b2f6 elementor-widget elementor-widget-heading\" data-id=\"993b2f6\" data-element_type=\"widget\" data-widget_type=\"heading.default\">\n\t\t\t\t<div class=\"elementor-widget-container\">\n\t\t\t\t\t<div id=\"pxl-heading-993b2f6-9726\" class=\"pxl-heading typewriter-color\">\n\t<div class=\"pxl-heading--inner\">\n\t\t\n\t\t\t\t\t<h3 class=\"pxl-item--title  highlight-default \" data-wow-delay=\"ms\">\n\t\t\t\t\u00das de Cookies\t\t\n\t\t\t<\/h3>\n\t\t\n\t\t\t<\/div>\n<\/div>\t\t\t\t<\/div>\n\t\t\t\t<\/div>\n\t\t\t\t<div class=\"elementor-element elementor-element-944366b elementor-widget elementor-widget-text_editor\" data-id=\"944366b\" data-element_type=\"widget\" data-widget_type=\"text_editor.default\">\n\t\t\t\t<div class=\"elementor-widget-container\">\n\t\t\t\t\t<div class=\"pxl-text-editor\">\n\t<div class=\"pxl-item--inner  \" data-wow-delay=\"ms\">\n\t\t<p>Aquest lloc web pot utilitzar cookies t\u00e8cniques (petits arxius d\u2019informaci\u00f3 que el servidor envia a l\u2019ordinador de qui accedeix a la p\u00e0gina) per dur a terme determinades funcions que s\u00f3n considerades imprescindibles per al correcte funcionament i visualitzaci\u00f3 del lloc. Les cookies utilitzades tenen, en tot cas, car\u00e0cter temporal, amb l\u2019\u00fanica finalitat de fer m\u00e9s efica\u00e7 la navegaci\u00f3, i desapareixen en acabar la sessi\u00f3 de l\u2019usuari. En cap cas, aquestes cookies proporcionen per si mateixes dades de car\u00e0cter personal i no s\u2019utilitzaran per a la recollida de les mateixes.<\/p><p>Mitjan\u00e7ant l\u2019\u00fas de cookies tamb\u00e9 \u00e9s possible que el servidor on es troba la web reconegui el navegador utilitzat per l\u2019usuari amb la finalitat que la navegaci\u00f3 sigui m\u00e9s senzilla, permetent, per exemple, l\u2019acc\u00e9s dels usuaris que s\u2019hagin registrat pr\u00e8viament a les \u00e0rees, serveis, promocions o concursos reservats exclusivament a ells sense haver de registrar en cada visita. Tamb\u00e9 es poden utilitzar per mesurar l\u2019audi\u00e8ncia, par\u00e0metres de tr\u00e0nsit, controlar el progr\u00e9s i nombre d\u2019entrades, etc, sent en aquests casos cookies prescindibles t\u00e8cnicament per\u00f2 beneficioses per a l\u2019usuari. Aquest lloc web no s\u2019instal\u00b7lar\u00e0 cookies prescindibles sense el consentiment previ de l\u2019usuari.<\/p><p>L\u2019usuari t\u00e9 la possibilitat de configurar el seu navegador per ser alertat de la recepci\u00f3 de cookies i per impedir la seva instal\u00b7laci\u00f3 al seu equip. Si us plau, consulti les instruccions del seu navegador per ampliar aquesta informaci\u00f3.<\/p>\t\t\n\t<\/div>\n<\/div>\t\t\t\t<\/div>\n\t\t\t\t<\/div>\n\t\t\t\t<div class=\"elementor-element elementor-element-50e0936 elementor-widget elementor-widget-heading\" data-id=\"50e0936\" data-element_type=\"widget\" data-widget_type=\"heading.default\">\n\t\t\t\t<div class=\"elementor-widget-container\">\n\t\t\t\t\t<div id=\"pxl-heading-50e0936-7478\" class=\"pxl-heading typewriter-color\">\n\t<div class=\"pxl-heading--inner\">\n\t\t\n\t\t\t\t\t<h3 class=\"pxl-item--title  highlight-default \" data-wow-delay=\"ms\">\n\t\t\t\tPol\u00edtica d\u2019enlla\u00e7os\t\t\n\t\t\t<\/h3>\n\t\t\n\t\t\t<\/div>\n<\/div>\t\t\t\t<\/div>\n\t\t\t\t<\/div>\n\t\t\t\t<div class=\"elementor-element elementor-element-21fabc0 elementor-widget elementor-widget-text_editor\" data-id=\"21fabc0\" data-element_type=\"widget\" data-widget_type=\"text_editor.default\">\n\t\t\t\t<div class=\"elementor-widget-container\">\n\t\t\t\t\t<div class=\"pxl-text-editor\">\n\t<div class=\"pxl-item--inner  \" data-wow-delay=\"ms\">\n\t\t<p>Des del lloc web, \u00e9s possible que es redirigeixi a continguts de tercers llocs web. At\u00e8s que el RESPONSABLE no pot controlar sempre els continguts introdu\u00efts pels tercers en els seus respectius llocs web, no assumeix cap tipus de responsabilitat respecte a aquests continguts. En tot cas, procedir\u00e0 a la retirada immediata de qualsevol contingut que pogu\u00e9s contravenir la legislaci\u00f3 nacional o internacional, la moral o l\u2019ordre p\u00fablic, procedint a la retirada immediata de la redirecci\u00f3 a dit lloc web, posant en coneixement de les autoritats competents el contingut en q\u00fcesti\u00f3.<\/p><p>El RESPONSABLE no es fa responsable de la informaci\u00f3 i continguts emmagatzemats, a t\u00edtol enunciatiu per\u00f2 no limitatiu, en f\u00f2rums, xats, generadors de blogs, comentaris, xarxes socials o qualsevol altre mitj\u00e0 que permeti a tercers publicar continguts de forma independent en la p\u00e0gina web del RESPONSABLE. No obstant aix\u00f2, i en compliment del que disposen els articles 11 i 16 de la LSSICE, es posa a disposici\u00f3 de tots els usuaris, autoritats i forces de seguretat, col\u00b7laborant de forma activa en la retirada o, si s\u2019escau, bloqueig de tots aquells continguts que puguin afectar o contravenir la legislaci\u00f3 nacional o internacional, els drets de tercers o la moral i l\u2019ordre p\u00fablic. En cas que l\u2019usuari consideri que existeix en el lloc web algun contingut que pogu\u00e9s ser susceptible d\u2019aquesta classificaci\u00f3, es prega ho faci saber de forma immediata a l\u2019administrador del lloc web.<\/p><p>Aquest lloc web ha estat revisat i provat perqu\u00e8 funcioni correctament. En principi, pot garantir-se el correcte funcionament els 365 dies de l\u2019any, 24 hores al dia. No obstant aix\u00f2, el RESPONSABLE no descarta la possibilitat que existeixin certs errors de programaci\u00f3, o que esdevinguin causes de for\u00e7a major, cat\u00e0strofes naturals, vagues o circumst\u00e0ncies semblants que facin impossible l\u2019acc\u00e9s a la p\u00e0gina web.<\/p>\t\t\n\t<\/div>\n<\/div>\t\t\t\t<\/div>\n\t\t\t\t<\/div>\n\t\t\t\t<div class=\"elementor-element elementor-element-14744bb elementor-widget elementor-widget-heading\" data-id=\"14744bb\" data-element_type=\"widget\" data-widget_type=\"heading.default\">\n\t\t\t\t<div class=\"elementor-widget-container\">\n\t\t\t\t\t<div id=\"pxl-heading-14744bb-5025\" class=\"pxl-heading typewriter-color\">\n\t<div class=\"pxl-heading--inner\">\n\t\t\n\t\t\t\t\t<h3 class=\"pxl-item--title  highlight-default \" data-wow-delay=\"ms\">\n\t\t\t\tAdreces IP\t\t\n\t\t\t<\/h3>\n\t\t\n\t\t\t<\/div>\n<\/div>\t\t\t\t<\/div>\n\t\t\t\t<\/div>\n\t\t\t\t<div class=\"elementor-element elementor-element-0bdb007 elementor-widget elementor-widget-text_editor\" data-id=\"0bdb007\" data-element_type=\"widget\" data-widget_type=\"text_editor.default\">\n\t\t\t\t<div class=\"elementor-widget-container\">\n\t\t\t\t\t<div class=\"pxl-text-editor\">\n\t<div class=\"pxl-item--inner  \" data-wow-delay=\"ms\">\n\t\t<p>Els servidors del lloc web podran detectar de manera autom\u00e0tica l\u2019adre\u00e7a IP i el nom de domini utilitzats per l\u2019usuari. Una adre\u00e7a IP \u00e9s un nombre assignat autom\u00e0ticament a un ordinador quan aquest es connecta a Internet. Tota aquesta informaci\u00f3 \u00e9s registrada en un fitxer d\u2019activitat del servidor degudament inscrit que permet el posterior processament de les dades amb la finalitat d\u2019obtenir mesures \u00fanicament estad\u00edstiques que permetin con\u00e8ixer el nombre d\u2019impressions de p\u00e0gines, el nombre de visites realitzades als servidors web, l\u2019ordre de visites, el punt d\u2019acc\u00e9s, etc.<\/p>\t\t\n\t<\/div>\n<\/div>\t\t\t\t<\/div>\n\t\t\t\t<\/div>\n\t\t\t\t<div class=\"elementor-element elementor-element-79c8394 elementor-widget elementor-widget-heading\" data-id=\"79c8394\" data-element_type=\"widget\" data-widget_type=\"heading.default\">\n\t\t\t\t<div class=\"elementor-widget-container\">\n\t\t\t\t\t<div id=\"pxl-heading-79c8394-6890\" class=\"pxl-heading typewriter-color\">\n\t<div class=\"pxl-heading--inner\">\n\t\t\n\t\t\t\t\t<h3 class=\"pxl-item--title  highlight-default \" data-wow-delay=\"ms\">\n\t\t\t\t4. LLEI APLICABLE I JURISDICCI\u00d3\t\t\n\t\t\t<\/h3>\n\t\t\n\t\t\t<\/div>\n<\/div>\t\t\t\t<\/div>\n\t\t\t\t<\/div>\n\t\t\t\t<div class=\"elementor-element elementor-element-587e2ca elementor-widget elementor-widget-text_editor\" data-id=\"587e2ca\" data-element_type=\"widget\" data-widget_type=\"text_editor.default\">\n\t\t\t\t<div class=\"elementor-widget-container\">\n\t\t\t\t\t<div class=\"pxl-text-editor\">\n\t<div class=\"pxl-item--inner  \" data-wow-delay=\"ms\">\n\t\t<p>Per a la resoluci\u00f3 de totes les controv\u00e8rsies o q\u00fcestions relacionades amb el present lloc web o de les activitats en ell desenvolupades, ser\u00e0 d\u2019aplicaci\u00f3 la legislaci\u00f3 espanyola, a la qual se sotmeten expressament les parts, sent competents per a la resoluci\u00f3 de tots els conflictes derivats o relacionats amb el seu \u00fas els Jutjats i Tribunals m\u00e9s propers a Barcelona.<\/p>\t\t\n\t<\/div>\n<\/div>\t\t\t\t<\/div>\n\t\t\t\t<\/div>\n\t\t            <\/div>\r\n        <\/div>\r\n        \t\t\t<\/div>\n\t\t<\/section>\n\t\t\t\t<\/div>\n\t\t","protected":false},"excerpt":{"rendered":"","protected":false},"author":1,"featured_media":0,"parent":0,"menu_order":0,"comment_status":"closed","ping_status":"closed","template":"","meta":{"footnotes":""},"class_list":["post-3877","page","type-page","status-publish","hentry"],"yoast_head":"<!-- This site is optimized with the Yoast SEO plugin v26.8 - https:\/\/yoast.com\/product\/yoast-seo-wordpress\/ -->\n<title>Pol\u00edtica de galetes \u2013 Gagoplast<\/title>\n<meta name=\"description\" content=\"Consulta la pol\u00edtica de galetes de Gagoplast per saber com utilitzem i gestionem les galetes al nostre lloc web segons la normativa vigent.\" \/>\n<meta name=\"robots\" content=\"noindex, nofollow\" \/>\n<meta property=\"og:locale\" content=\"en_US\" \/>\n<meta property=\"og:type\" content=\"article\" \/>\n<meta property=\"og:title\" content=\"Pol\u00edtica de galetes \u2013 Gagoplast\" \/>\n<meta property=\"og:description\" content=\"Consulta la pol\u00edtica de galetes de Gagoplast per saber com utilitzem i gestionem les galetes al nostre lloc web segons la normativa vigent.\" \/>\n<meta property=\"og:url\" content=\"https:\/\/gagoplast.cat\/en\/cookie-policy\/\" \/>\n<meta property=\"og:site_name\" content=\"Gagoplast\" \/>\n<meta property=\"article:modified_time\" content=\"2025-10-16T08:14:22+00:00\" \/>\n<meta name=\"twitter:card\" content=\"summary_large_image\" \/>\n<script type=\"application\/ld+json\" class=\"yoast-schema-graph\">{\"@context\":\"https:\/\/schema.org\",\"@graph\":[{\"@type\":\"WebPage\",\"@id\":\"https:\/\/gagoplast.cat\/en\/cookie-policy\/\",\"url\":\"https:\/\/gagoplast.cat\/en\/cookie-policy\/\",\"name\":\"Pol\u00edtica de galetes \u2013 Gagoplast\",\"isPartOf\":{\"@id\":\"https:\/\/gagoplast.cat\/en\/#website\"},\"datePublished\":\"2025-04-01T12:21:19+00:00\",\"dateModified\":\"2025-10-16T08:14:22+00:00\",\"description\":\"Consulta la pol\u00edtica de galetes de Gagoplast per saber com utilitzem i gestionem les galetes al nostre lloc web segons la normativa vigent.\",\"breadcrumb\":{\"@id\":\"https:\/\/gagoplast.cat\/en\/cookie-policy\/#breadcrumb\"},\"inLanguage\":\"en-US\",\"potentialAction\":[{\"@type\":\"ReadAction\",\"target\":[\"https:\/\/gagoplast.cat\/en\/cookie-policy\/\"]}]},{\"@type\":\"BreadcrumbList\",\"@id\":\"https:\/\/gagoplast.cat\/en\/cookie-policy\/#breadcrumb\",\"itemListElement\":[{\"@type\":\"ListItem\",\"position\":1,\"name\":\"Inici\",\"item\":\"https:\/\/gagoplast.cat\/en\/\"},{\"@type\":\"ListItem\",\"position\":2,\"name\":\"Cookie policy\"}]},{\"@type\":\"WebSite\",\"@id\":\"https:\/\/gagoplast.cat\/en\/#website\",\"url\":\"https:\/\/gagoplast.cat\/en\/\",\"name\":\"Gagoplast\",\"description\":\"Injecci\u00f3 de pl\u00e0stics a Barcelona\",\"publisher\":{\"@id\":\"https:\/\/gagoplast.cat\/en\/#organization\"},\"potentialAction\":[{\"@type\":\"SearchAction\",\"target\":{\"@type\":\"EntryPoint\",\"urlTemplate\":\"https:\/\/gagoplast.cat\/en\/?s={search_term_string}\"},\"query-input\":{\"@type\":\"PropertyValueSpecification\",\"valueRequired\":true,\"valueName\":\"search_term_string\"}}],\"inLanguage\":\"en-US\"},{\"@type\":\"Organization\",\"@id\":\"https:\/\/gagoplast.cat\/en\/#organization\",\"name\":\"Gagoplast\",\"url\":\"https:\/\/gagoplast.cat\/en\/\",\"logo\":{\"@type\":\"ImageObject\",\"inLanguage\":\"en-US\",\"@id\":\"https:\/\/gagoplast.cat\/en\/#\/schema\/logo\/image\/\",\"url\":\"https:\/\/gagoplast.cat\/wp-content\/uploads\/2025\/03\/gagoplas_logo_2025-300x240-1.png\",\"contentUrl\":\"https:\/\/gagoplast.cat\/wp-content\/uploads\/2025\/03\/gagoplas_logo_2025-300x240-1.png\",\"width\":272,\"height\":200,\"caption\":\"Gagoplast\"},\"image\":{\"@id\":\"https:\/\/gagoplast.cat\/en\/#\/schema\/logo\/image\/\"}}]}<\/script>\n<!-- \/ Yoast SEO plugin. -->","yoast_head_json":{"title":"Pol\u00edtica de galetes \u2013 Gagoplast","description":"Consulta la pol\u00edtica de galetes de Gagoplast per saber com utilitzem i gestionem les galetes al nostre lloc web segons la normativa vigent.","robots":{"index":"noindex","follow":"nofollow"},"og_locale":"en_US","og_type":"article","og_title":"Pol\u00edtica de galetes \u2013 Gagoplast","og_description":"Consulta la pol\u00edtica de galetes de Gagoplast per saber com utilitzem i gestionem les galetes al nostre lloc web segons la normativa vigent.","og_url":"https:\/\/gagoplast.cat\/en\/cookie-policy\/","og_site_name":"Gagoplast","article_modified_time":"2025-10-16T08:14:22+00:00","twitter_card":"summary_large_image","schema":{"@context":"https:\/\/schema.org","@graph":[{"@type":"WebPage","@id":"https:\/\/gagoplast.cat\/en\/cookie-policy\/","url":"https:\/\/gagoplast.cat\/en\/cookie-policy\/","name":"Pol\u00edtica de galetes \u2013 Gagoplast","isPartOf":{"@id":"https:\/\/gagoplast.cat\/en\/#website"},"datePublished":"2025-04-01T12:21:19+00:00","dateModified":"2025-10-16T08:14:22+00:00","description":"Consulta la pol\u00edtica de galetes de Gagoplast per saber com utilitzem i gestionem les galetes al nostre lloc web segons la normativa vigent.","breadcrumb":{"@id":"https:\/\/gagoplast.cat\/en\/cookie-policy\/#breadcrumb"},"inLanguage":"en-US","potentialAction":[{"@type":"ReadAction","target":["https:\/\/gagoplast.cat\/en\/cookie-policy\/"]}]},{"@type":"BreadcrumbList","@id":"https:\/\/gagoplast.cat\/en\/cookie-policy\/#breadcrumb","itemListElement":[{"@type":"ListItem","position":1,"name":"Inici","item":"https:\/\/gagoplast.cat\/en\/"},{"@type":"ListItem","position":2,"name":"Cookie policy"}]},{"@type":"WebSite","@id":"https:\/\/gagoplast.cat\/en\/#website","url":"https:\/\/gagoplast.cat\/en\/","name":"Gagoplast","description":"Injecci\u00f3 de pl\u00e0stics a Barcelona","publisher":{"@id":"https:\/\/gagoplast.cat\/en\/#organization"},"potentialAction":[{"@type":"SearchAction","target":{"@type":"EntryPoint","urlTemplate":"https:\/\/gagoplast.cat\/en\/?s={search_term_string}"},"query-input":{"@type":"PropertyValueSpecification","valueRequired":true,"valueName":"search_term_string"}}],"inLanguage":"en-US"},{"@type":"Organization","@id":"https:\/\/gagoplast.cat\/en\/#organization","name":"Gagoplast","url":"https:\/\/gagoplast.cat\/en\/","logo":{"@type":"ImageObject","inLanguage":"en-US","@id":"https:\/\/gagoplast.cat\/en\/#\/schema\/logo\/image\/","url":"https:\/\/gagoplast.cat\/wp-content\/uploads\/2025\/03\/gagoplas_logo_2025-300x240-1.png","contentUrl":"https:\/\/gagoplast.cat\/wp-content\/uploads\/2025\/03\/gagoplas_logo_2025-300x240-1.png","width":272,"height":200,"caption":"Gagoplast"},"image":{"@id":"https:\/\/gagoplast.cat\/en\/#\/schema\/logo\/image\/"}}]}},"_links":{"self":[{"href":"https:\/\/gagoplast.cat\/en\/wp-json\/wp\/v2\/pages\/3877","targetHints":{"allow":["GET"]}}],"collection":[{"href":"https:\/\/gagoplast.cat\/en\/wp-json\/wp\/v2\/pages"}],"about":[{"href":"https:\/\/gagoplast.cat\/en\/wp-json\/wp\/v2\/types\/page"}],"author":[{"embeddable":true,"href":"https:\/\/gagoplast.cat\/en\/wp-json\/wp\/v2\/users\/1"}],"replies":[{"embeddable":true,"href":"https:\/\/gagoplast.cat\/en\/wp-json\/wp\/v2\/comments?post=3877"}],"version-history":[{"count":1,"href":"https:\/\/gagoplast.cat\/en\/wp-json\/wp\/v2\/pages\/3877\/revisions"}],"predecessor-version":[{"id":4132,"href":"https:\/\/gagoplast.cat\/en\/wp-json\/wp\/v2\/pages\/3877\/revisions\/4132"}],"wp:attachment":[{"href":"https:\/\/gagoplast.cat\/en\/wp-json\/wp\/v2\/media?parent=3877"}],"curies":[{"name":"wp","href":"https:\/\/api.w.org\/{rel}","templated":true}]}}