{"id":3517,"date":"2025-04-08T12:23:55","date_gmt":"2025-04-08T10:23:55","guid":{"rendered":"https:\/\/gagoplast.cat\/?page_id=3517"},"modified":"2025-10-16T09:51:02","modified_gmt":"2025-10-16T07:51:02","slug":"eficiencia-energetica","status":"publish","type":"page","link":"https:\/\/gagoplast.cat\/es\/eficiencia-energetica\/","title":{"rendered":"Eficiencia energ\u00e9tica"},"content":{"rendered":"\t\t<div data-elementor-type=\"wp-page\" data-elementor-id=\"3517\" class=\"elementor elementor-3517 elementor-3032\" data-elementor-post-type=\"page\">\n\t\t\t\t        <section class=\"elementor-section elementor-top-section elementor-element elementor-element-09f36f4 elementor-section-boxed elementor-section-height-default elementor-section-height-default pxl-type-header-none pxl-row-scroll-none pxl-bg-color-none pxl-section-overlay-none\" data-id=\"09f36f4\" data-element_type=\"section\">\n\n                \n                <div class=\"elementor-container elementor-column-gap-extended \">\n                <div class=\"elementor-column elementor-col-66 elementor-top-column elementor-element elementor-element-65f8340 pxl-col-none pxl-column-none\" data-id=\"65f8340\" data-element_type=\"column\">\r\n        <div class=\"elementor-widget-wrap elementor-element-populated\">\r\n                     \r\n        \t\t<div class=\"elementor-element elementor-element-08e96aa elementor-widget elementor-widget-heading\" data-id=\"08e96aa\" data-element_type=\"widget\" data-widget_type=\"heading.default\">\n\t\t\t\t<div class=\"elementor-widget-container\">\n\t\t\t\t\t<div id=\"pxl-heading-08e96aa-1783\" class=\"pxl-heading typewriter-color\">\n\t<div class=\"pxl-heading--inner\">\n\t\t\t\t\t<div class=\"pxl-item--subtitle sub-style-gradient \" data-wow-delay=\"ms\">\n\t\t\t\t<span>\n\t\t\t\t\t\t\t\t\t\tGagoplast\t\t\t\t<\/span>\n\t\t\t\t\t\t\t<\/div>\n\t\t\n\t\t\t\t\t<h1 class=\"pxl-item--title  highlight-default \" data-wow-delay=\"ms\">\n\t\t\t\tAyudas por la eficiencia energ\u00e9tica\t\t\n\t\t\t<\/h1>\n\t\t\n\t\t\t<\/div>\n<\/div>\t\t\t\t<\/div>\n\t\t\t\t<\/div>\n\t\t            <\/div>\r\n        <\/div>\r\n                <div class=\"elementor-column elementor-col-33 elementor-top-column elementor-element elementor-element-7e08a62 pxl-col-none pxl-column-none\" data-id=\"7e08a62\" data-element_type=\"column\">\r\n        <div class=\"elementor-widget-wrap elementor-element-populated\">\r\n                     \r\n        \t\t<div class=\"elementor-element elementor-element-75b52f9 elementor-widget elementor-widget-image\" data-id=\"75b52f9\" data-element_type=\"widget\" data-widget_type=\"image.default\">\n\t\t\t\t<div class=\"elementor-widget-container\">\n\t\t\t\t\t\t\t\t\t\t\t\t\t\t\t<img decoding=\"async\" width=\"290\" height=\"66\" src=\"https:\/\/gagoplast.cat\/wp-content\/uploads\/2025\/04\/ICAEN-e1626208038364.jpg\" class=\"attachment-large size-large wp-image-3381\" alt=\"logo generalitat de catalunya gagoplast\" \/>\t\t\t\t\t\t\t\t\t\t\t\t\t\t\t<\/div>\n\t\t\t\t<\/div>\n\t\t\t\t<div class=\"elementor-element elementor-element-cf40a7a elementor-widget elementor-widget-image\" data-id=\"cf40a7a\" data-element_type=\"widget\" data-widget_type=\"image.default\">\n\t\t\t\t<div class=\"elementor-widget-container\">\n\t\t\t\t\t\t\t\t\t\t\t\t\t\t\t<img fetchpriority=\"high\" decoding=\"async\" width=\"448\" height=\"136\" src=\"https:\/\/gagoplast.cat\/wp-content\/uploads\/2025\/04\/industria-e1626208103809.jpg\" class=\"attachment-large size-large wp-image-3384\" alt=\"logo fondo nacional gagoplast\" srcset=\"https:\/\/gagoplast.cat\/wp-content\/uploads\/2025\/04\/industria-e1626208103809.jpg 448w, https:\/\/gagoplast.cat\/wp-content\/uploads\/2025\/04\/industria-e1626208103809-300x91.jpg 300w\" sizes=\"(max-width: 448px) 100vw, 448px\" \/>\t\t\t\t\t\t\t\t\t\t\t\t\t\t\t<\/div>\n\t\t\t\t<\/div>\n\t\t            <\/div>\r\n        <\/div>\r\n        \t\t\t<\/div>\n\t\t<\/section>\n\t\t<div class=\"elementor-element elementor-element-fbccb55 e-flex e-con-boxed e-con e-parent\" data-id=\"fbccb55\" data-element_type=\"container\">\n\t\t\t\t\t<div class=\"e-con-inner\">\n\t\t\t\t<div class=\"elementor-element elementor-element-f671d49 elementor-widget elementor-widget-heading\" data-id=\"f671d49\" data-element_type=\"widget\" data-widget_type=\"heading.default\">\n\t\t\t\t<div class=\"elementor-widget-container\">\n\t\t\t\t\t<div id=\"pxl-heading-f671d49-8124\" class=\"pxl-heading typewriter-color\">\n\t<div class=\"pxl-heading--inner\">\n\t\t\n\t\t\t\t\t<h2 class=\"pxl-item--title  highlight-default \" data-wow-delay=\"ms\">\n\t\t\t\tProyecto Eficiencia Energ\u00e9tica\t\t\n\t\t\t<\/h2>\n\t\t\n\t\t\t<\/div>\n<\/div>\t\t\t\t<\/div>\n\t\t\t\t<\/div>\n\t\t\t\t\t<\/div>\n\t\t\t\t<\/div>\n\t\t        <section class=\"elementor-section elementor-top-section elementor-element elementor-element-014de5a elementor-section-stretched elementor-section-boxed elementor-section-height-default elementor-section-height-default pxl-type-header-none pxl-row-scroll-none pxl-bg-color-none pxl-section-overlay-none\" data-id=\"014de5a\" data-element_type=\"section\" id=\"instalacions\" data-settings=\"{&quot;stretch_section&quot;:&quot;section-stretched&quot;,&quot;background_background&quot;:&quot;classic&quot;}\">\n\n                \n                <div class=\"elementor-container elementor-column-gap-extended \">\n                <div class=\"elementor-column elementor-col-100 elementor-top-column elementor-element elementor-element-1a0a14b pxl-col-none pxl-column-none\" data-id=\"1a0a14b\" data-element_type=\"column\">\r\n        <div class=\"elementor-widget-wrap elementor-element-populated\">\r\n                     \r\n        \t\t<div class=\"elementor-element elementor-element-46586da elementor-widget elementor-widget-text_editor\" data-id=\"46586da\" data-element_type=\"widget\" data-widget_type=\"text_editor.default\">\n\t\t\t\t<div class=\"elementor-widget-container\">\n\t\t\t\t\t<div class=\"pxl-text-editor\">\n\t<div class=\"pxl-item--inner  \" data-wow-delay=\"ms\">\n\t\t<p>Proyecto acogido a la l\u00ednea de ayudas de ahorro y eficiencia energ\u00e9tica en pyme y gran empresa del sector industrial, cofinanciados por el Fondo Europeo de Desarrollo Regional (FEDER) y gestionados por el IDAE (Instituto para la Diversificaci\u00f3n y Ahorro de la Energ\u00eda) provenientes del Fondo Europeo de Desarrollo Regional; y en Catalu\u00f1a son gestionados por el ICAEN.<\/p><p>El present projecte d\u2019efici\u00e8ncia energ\u00e8tica comporta la substituci\u00f3 d\u2019una injectora en l\u2019\u00e0rea d\u2019injecci\u00f3 de pl\u00e0stic per una energ\u00e8ticament m\u00e9s eficient.<\/p><p>D\u2019aquesta manera es pret\u00e9n reduir el consum el\u00e8ctric de l\u2019\u00e0rea d\u2019injecci\u00f3 de pl\u00e0stics a la planta de Gagoplast.<\/p>\t\t\n\t<\/div>\n<\/div>\t\t\t\t<\/div>\n\t\t\t\t<\/div>\n\t\t\t\t<div class=\"elementor-element elementor-element-b99be1c elementor-widget elementor-widget-image\" data-id=\"b99be1c\" data-element_type=\"widget\" data-widget_type=\"image.default\">\n\t\t\t\t<div class=\"elementor-widget-container\">\n\t\t\t\t\t\t\t\t\t\t\t\t\t\t\t<img decoding=\"async\" width=\"843\" height=\"75\" src=\"https:\/\/gagoplast.cat\/wp-content\/uploads\/2025\/04\/project-table-2021-cas-2.jpg\" class=\"attachment-large size-large wp-image-3520\" alt=\"\" srcset=\"https:\/\/gagoplast.cat\/wp-content\/uploads\/2025\/04\/project-table-2021-cas-2.jpg 843w, https:\/\/gagoplast.cat\/wp-content\/uploads\/2025\/04\/project-table-2021-cas-2-300x27.jpg 300w, https:\/\/gagoplast.cat\/wp-content\/uploads\/2025\/04\/project-table-2021-cas-2-768x68.jpg 768w\" sizes=\"(max-width: 843px) 100vw, 843px\" \/>\t\t\t\t\t\t\t\t\t\t\t\t\t\t\t<\/div>\n\t\t\t\t<\/div>\n\t\t            <\/div>\r\n        <\/div>\r\n        \t\t\t<\/div>\n\t\t<\/section>\n\t\t        <section class=\"elementor-section elementor-top-section elementor-element elementor-element-75b61b6 elementor-section-stretched elementor-section-content-middle elementor-section-boxed elementor-section-height-default elementor-section-height-default pxl-type-header-none pxl-row-scroll-none pxl-bg-color-none pxl-section-overlay-none\" data-id=\"75b61b6\" data-element_type=\"section\" data-settings=\"{&quot;stretch_section&quot;:&quot;section-stretched&quot;,&quot;background_background&quot;:&quot;classic&quot;}\">\n\n                \n        <div id=\"pxl-row-particles-69fb29e6637dd\" class=\"pxl-row-particles\" data-number=\"4\" data-size=\"3\" data-size-random=\"false\" data-move-direction=\"top-right\" data-color=\"[&quot;&quot;]\"><\/div>        <div class=\"elementor-container elementor-column-gap-extended \">\n                <div class=\"elementor-column elementor-col-50 elementor-top-column elementor-element elementor-element-6d01099 pxl-col-none pxl-column-none\" data-id=\"6d01099\" data-element_type=\"column\">\r\n        <div class=\"elementor-widget-wrap elementor-element-populated\">\r\n                     \r\n        \t\t<div class=\"elementor-element elementor-element-ffda3bc elementor-widget elementor-widget-heading\" data-id=\"ffda3bc\" data-element_type=\"widget\" data-widget_type=\"heading.default\">\n\t\t\t\t<div class=\"elementor-widget-container\">\n\t\t\t\t\t<div id=\"pxl-heading-ffda3bc-2305\" class=\"pxl-heading typewriter-color\">\n\t<div class=\"pxl-heading--inner\">\n\t\t\n\t\t\t\t\t<h3 class=\"pxl-item--title  highlight-default \" data-wow-delay=\"ms\">\n\t\t\t\tEstamos a su disposici\u00f3n, para asesorarle\t\t\n\t\t\t<\/h3>\n\t\t\n\t\t\t<\/div>\n<\/div>\t\t\t\t<\/div>\n\t\t\t\t<\/div>\n\t\t            <\/div>\r\n        <\/div>\r\n                <div class=\"elementor-column elementor-col-50 elementor-top-column elementor-element elementor-element-b74fca4 pxl-col-none pxl-column-none\" data-id=\"b74fca4\" data-element_type=\"column\">\r\n        <div class=\"elementor-widget-wrap elementor-element-populated\">\r\n                     \r\n        \t\t<div class=\"elementor-element elementor-element-5967402 elementor-align-right elementor-align-center elementor-widget elementor-widget-el_button\" data-id=\"5967402\" data-element_type=\"widget\" data-widget_type=\"el_button.default\">\n\t\t\t\t<div class=\"elementor-widget-container\">\n\t\t\t\t\t<div id=\"pxl-el_button-5967402-7893\" class=\"pxl-button\">\r\n    <div class=\"pxl-inline-css\"  data-css=\"\r\n        \">\r\n    <\/div>\r\n    <a href=\"\/contacto\" class=\"btn pxl-icon-active  btn-block-inline   btn-nina btn-default  pxl-icon--right\" data-wow-delay=\"ms\">\r\n        <i aria-hidden=\"true\" class=\"flaticon flaticon-messenger\"><\/i>                \r\n                <span class=\"pxl--btn-text\" data-text=\"Contactar con nosotros\">\r\n            <span>C<\/span><span>o<\/span><span>n<\/span><span>t<\/span><span>a<\/span><span>c<\/span><span>t<\/span><span>a<\/span><span>r<\/span><span class=\"spacer\">&nbsp;<\/span><span>c<\/span><span>o<\/span><span>n<\/span><span class=\"spacer\">&nbsp;<\/span><span>n<\/span><span>o<\/span><span>s<\/span><span>o<\/span><span>t<\/span><span>r<\/span><span>o<\/span><span>s<\/span>        <\/span>\r\n                            <\/a>\r\n<\/div>\t\t\t\t<\/div>\n\t\t\t\t<\/div>\n\t\t            <\/div>\r\n        <\/div>\r\n        \t\t\t<\/div>\n\t\t<\/section>\n\t\t\t\t<\/div>\n\t\t","protected":false},"excerpt":{"rendered":"<p>Gagoplast Ayudas por la eficiencia energ\u00e9tica Proyecto Eficiencia Energ\u00e9tica Proyecto acogido a la l\u00ednea de ayudas de ahorro y eficiencia energ\u00e9tica en pyme y gran empresa del sector industrial, cofinanciados por el Fondo Europeo de Desarrollo Regional (FEDER) y gestionados por el IDAE (Instituto para la Diversificaci\u00f3n y Ahorro de la Energ\u00eda) provenientes del Fondo [&hellip;]<\/p>\n","protected":false},"author":1,"featured_media":0,"parent":0,"menu_order":0,"comment_status":"closed","ping_status":"closed","template":"","meta":{"footnotes":""},"class_list":["post-3517","page","type-page","status-publish","hentry"],"yoast_head":"<!-- This site is optimized with the Yoast SEO plugin v26.8 - https:\/\/yoast.com\/product\/yoast-seo-wordpress\/ -->\n<title>Eficiencia energ\u00e9tica \u2013 Compromiso sostenible Gagoplast<\/title>\n<meta name=\"description\" content=\"Descubre c\u00f3mo Gagoplast apuesta por la sostenibilidad reduciendo el consumo energ\u00e9tico y aplicando tecnolog\u00edas eficientes en sus procesos.\" \/>\n<meta name=\"robots\" content=\"index, follow, max-snippet:-1, max-image-preview:large, max-video-preview:-1\" \/>\n<link rel=\"canonical\" href=\"https:\/\/gagoplast.cat\/es\/eficiencia-energetica\/\" \/>\n<meta property=\"og:locale\" content=\"es_ES\" \/>\n<meta property=\"og:type\" content=\"article\" \/>\n<meta property=\"og:title\" content=\"Eficiencia energ\u00e9tica \u2013 Compromiso sostenible Gagoplast\" \/>\n<meta property=\"og:description\" content=\"Descubre c\u00f3mo Gagoplast apuesta por la sostenibilidad reduciendo el consumo energ\u00e9tico y aplicando tecnolog\u00edas eficientes en sus procesos.\" \/>\n<meta property=\"og:url\" content=\"https:\/\/gagoplast.cat\/es\/eficiencia-energetica\/\" \/>\n<meta property=\"og:site_name\" content=\"Gagoplast\" \/>\n<meta property=\"article:modified_time\" content=\"2025-10-16T07:51:02+00:00\" \/>\n<meta property=\"og:image\" content=\"https:\/\/gagoplast.cat\/wp-content\/uploads\/2025\/04\/ICAEN-e1626208038364.jpg\" \/>\n\t<meta property=\"og:image:width\" content=\"290\" \/>\n\t<meta property=\"og:image:height\" content=\"66\" \/>\n\t<meta property=\"og:image:type\" content=\"image\/jpeg\" \/>\n<meta name=\"twitter:card\" content=\"summary_large_image\" \/>\n<meta name=\"twitter:label1\" content=\"Tiempo de lectura\" \/>\n\t<meta name=\"twitter:data1\" content=\"2 minutos\" \/>\n<script type=\"application\/ld+json\" class=\"yoast-schema-graph\">{\"@context\":\"https:\/\/schema.org\",\"@graph\":[{\"@type\":\"WebPage\",\"@id\":\"https:\/\/gagoplast.cat\/es\/eficiencia-energetica\/\",\"url\":\"https:\/\/gagoplast.cat\/es\/eficiencia-energetica\/\",\"name\":\"Eficiencia energ\u00e9tica \u2013 Compromiso sostenible Gagoplast\",\"isPartOf\":{\"@id\":\"https:\/\/gagoplast.cat\/es\/#website\"},\"primaryImageOfPage\":{\"@id\":\"https:\/\/gagoplast.cat\/es\/eficiencia-energetica\/#primaryimage\"},\"image\":{\"@id\":\"https:\/\/gagoplast.cat\/es\/eficiencia-energetica\/#primaryimage\"},\"thumbnailUrl\":\"https:\/\/gagoplast.cat\/wp-content\/uploads\/2025\/04\/ICAEN-e1626208038364.jpg\",\"datePublished\":\"2025-04-08T10:23:55+00:00\",\"dateModified\":\"2025-10-16T07:51:02+00:00\",\"description\":\"Descubre c\u00f3mo Gagoplast apuesta por la sostenibilidad reduciendo el consumo energ\u00e9tico y aplicando tecnolog\u00edas eficientes en sus procesos.\",\"breadcrumb\":{\"@id\":\"https:\/\/gagoplast.cat\/es\/eficiencia-energetica\/#breadcrumb\"},\"inLanguage\":\"es\",\"potentialAction\":[{\"@type\":\"ReadAction\",\"target\":[\"https:\/\/gagoplast.cat\/es\/eficiencia-energetica\/\"]}]},{\"@type\":\"ImageObject\",\"inLanguage\":\"es\",\"@id\":\"https:\/\/gagoplast.cat\/es\/eficiencia-energetica\/#primaryimage\",\"url\":\"https:\/\/gagoplast.cat\/wp-content\/uploads\/2025\/04\/ICAEN-e1626208038364.jpg\",\"contentUrl\":\"https:\/\/gagoplast.cat\/wp-content\/uploads\/2025\/04\/ICAEN-e1626208038364.jpg\"},{\"@type\":\"BreadcrumbList\",\"@id\":\"https:\/\/gagoplast.cat\/es\/eficiencia-energetica\/#breadcrumb\",\"itemListElement\":[{\"@type\":\"ListItem\",\"position\":1,\"name\":\"Inici\",\"item\":\"https:\/\/gagoplast.cat\/es\/\"},{\"@type\":\"ListItem\",\"position\":2,\"name\":\"Eficiencia energ\u00e9tica\"}]},{\"@type\":\"WebSite\",\"@id\":\"https:\/\/gagoplast.cat\/es\/#website\",\"url\":\"https:\/\/gagoplast.cat\/es\/\",\"name\":\"Gagoplast\",\"description\":\"Injecci\u00f3 de pl\u00e0stics\",\"publisher\":{\"@id\":\"https:\/\/gagoplast.cat\/es\/#organization\"},\"potentialAction\":[{\"@type\":\"SearchAction\",\"target\":{\"@type\":\"EntryPoint\",\"urlTemplate\":\"https:\/\/gagoplast.cat\/es\/?s={search_term_string}\"},\"query-input\":{\"@type\":\"PropertyValueSpecification\",\"valueRequired\":true,\"valueName\":\"search_term_string\"}}],\"inLanguage\":\"es\"},{\"@type\":\"Organization\",\"@id\":\"https:\/\/gagoplast.cat\/es\/#organization\",\"name\":\"Gagoplast\",\"url\":\"https:\/\/gagoplast.cat\/es\/\",\"logo\":{\"@type\":\"ImageObject\",\"inLanguage\":\"es\",\"@id\":\"https:\/\/gagoplast.cat\/es\/#\/schema\/logo\/image\/\",\"url\":\"https:\/\/gagoplast.cat\/wp-content\/uploads\/2025\/03\/gagoplas_logo_2025-300x240-1.png\",\"contentUrl\":\"https:\/\/gagoplast.cat\/wp-content\/uploads\/2025\/03\/gagoplas_logo_2025-300x240-1.png\",\"width\":272,\"height\":200,\"caption\":\"Gagoplast\"},\"image\":{\"@id\":\"https:\/\/gagoplast.cat\/es\/#\/schema\/logo\/image\/\"}}]}<\/script>\n<!-- \/ Yoast SEO plugin. -->","yoast_head_json":{"title":"Eficiencia energ\u00e9tica \u2013 Compromiso sostenible Gagoplast","description":"Descubre c\u00f3mo Gagoplast apuesta por la sostenibilidad reduciendo el consumo energ\u00e9tico y aplicando tecnolog\u00edas eficientes en sus procesos.","robots":{"index":"index","follow":"follow","max-snippet":"max-snippet:-1","max-image-preview":"max-image-preview:large","max-video-preview":"max-video-preview:-1"},"canonical":"https:\/\/gagoplast.cat\/es\/eficiencia-energetica\/","og_locale":"es_ES","og_type":"article","og_title":"Eficiencia energ\u00e9tica \u2013 Compromiso sostenible Gagoplast","og_description":"Descubre c\u00f3mo Gagoplast apuesta por la sostenibilidad reduciendo el consumo energ\u00e9tico y aplicando tecnolog\u00edas eficientes en sus procesos.","og_url":"https:\/\/gagoplast.cat\/es\/eficiencia-energetica\/","og_site_name":"Gagoplast","article_modified_time":"2025-10-16T07:51:02+00:00","og_image":[{"width":290,"height":66,"url":"https:\/\/gagoplast.cat\/wp-content\/uploads\/2025\/04\/ICAEN-e1626208038364.jpg","type":"image\/jpeg"}],"twitter_card":"summary_large_image","twitter_misc":{"Tiempo de lectura":"2 minutos"},"schema":{"@context":"https:\/\/schema.org","@graph":[{"@type":"WebPage","@id":"https:\/\/gagoplast.cat\/es\/eficiencia-energetica\/","url":"https:\/\/gagoplast.cat\/es\/eficiencia-energetica\/","name":"Eficiencia energ\u00e9tica \u2013 Compromiso sostenible Gagoplast","isPartOf":{"@id":"https:\/\/gagoplast.cat\/es\/#website"},"primaryImageOfPage":{"@id":"https:\/\/gagoplast.cat\/es\/eficiencia-energetica\/#primaryimage"},"image":{"@id":"https:\/\/gagoplast.cat\/es\/eficiencia-energetica\/#primaryimage"},"thumbnailUrl":"https:\/\/gagoplast.cat\/wp-content\/uploads\/2025\/04\/ICAEN-e1626208038364.jpg","datePublished":"2025-04-08T10:23:55+00:00","dateModified":"2025-10-16T07:51:02+00:00","description":"Descubre c\u00f3mo Gagoplast apuesta por la sostenibilidad reduciendo el consumo energ\u00e9tico y aplicando tecnolog\u00edas eficientes en sus procesos.","breadcrumb":{"@id":"https:\/\/gagoplast.cat\/es\/eficiencia-energetica\/#breadcrumb"},"inLanguage":"es","potentialAction":[{"@type":"ReadAction","target":["https:\/\/gagoplast.cat\/es\/eficiencia-energetica\/"]}]},{"@type":"ImageObject","inLanguage":"es","@id":"https:\/\/gagoplast.cat\/es\/eficiencia-energetica\/#primaryimage","url":"https:\/\/gagoplast.cat\/wp-content\/uploads\/2025\/04\/ICAEN-e1626208038364.jpg","contentUrl":"https:\/\/gagoplast.cat\/wp-content\/uploads\/2025\/04\/ICAEN-e1626208038364.jpg"},{"@type":"BreadcrumbList","@id":"https:\/\/gagoplast.cat\/es\/eficiencia-energetica\/#breadcrumb","itemListElement":[{"@type":"ListItem","position":1,"name":"Inici","item":"https:\/\/gagoplast.cat\/es\/"},{"@type":"ListItem","position":2,"name":"Eficiencia energ\u00e9tica"}]},{"@type":"WebSite","@id":"https:\/\/gagoplast.cat\/es\/#website","url":"https:\/\/gagoplast.cat\/es\/","name":"Gagoplast","description":"Injecci\u00f3 de pl\u00e0stics","publisher":{"@id":"https:\/\/gagoplast.cat\/es\/#organization"},"potentialAction":[{"@type":"SearchAction","target":{"@type":"EntryPoint","urlTemplate":"https:\/\/gagoplast.cat\/es\/?s={search_term_string}"},"query-input":{"@type":"PropertyValueSpecification","valueRequired":true,"valueName":"search_term_string"}}],"inLanguage":"es"},{"@type":"Organization","@id":"https:\/\/gagoplast.cat\/es\/#organization","name":"Gagoplast","url":"https:\/\/gagoplast.cat\/es\/","logo":{"@type":"ImageObject","inLanguage":"es","@id":"https:\/\/gagoplast.cat\/es\/#\/schema\/logo\/image\/","url":"https:\/\/gagoplast.cat\/wp-content\/uploads\/2025\/03\/gagoplas_logo_2025-300x240-1.png","contentUrl":"https:\/\/gagoplast.cat\/wp-content\/uploads\/2025\/03\/gagoplas_logo_2025-300x240-1.png","width":272,"height":200,"caption":"Gagoplast"},"image":{"@id":"https:\/\/gagoplast.cat\/es\/#\/schema\/logo\/image\/"}}]}},"_links":{"self":[{"href":"https:\/\/gagoplast.cat\/es\/wp-json\/wp\/v2\/pages\/3517","targetHints":{"allow":["GET"]}}],"collection":[{"href":"https:\/\/gagoplast.cat\/es\/wp-json\/wp\/v2\/pages"}],"about":[{"href":"https:\/\/gagoplast.cat\/es\/wp-json\/wp\/v2\/types\/page"}],"author":[{"embeddable":true,"href":"https:\/\/gagoplast.cat\/es\/wp-json\/wp\/v2\/users\/1"}],"replies":[{"embeddable":true,"href":"https:\/\/gagoplast.cat\/es\/wp-json\/wp\/v2\/comments?post=3517"}],"version-history":[{"count":4,"href":"https:\/\/gagoplast.cat\/es\/wp-json\/wp\/v2\/pages\/3517\/revisions"}],"predecessor-version":[{"id":4168,"href":"https:\/\/gagoplast.cat\/es\/wp-json\/wp\/v2\/pages\/3517\/revisions\/4168"}],"wp:attachment":[{"href":"https:\/\/gagoplast.cat\/es\/wp-json\/wp\/v2\/media?parent=3517"}],"curies":[{"name":"wp","href":"https:\/\/api.w.org\/{rel}","templated":true}]}}