{"id":3540,"date":"2025-04-01T12:45:12","date_gmt":"2025-04-01T10:45:12","guid":{"rendered":"https:\/\/gagoplast.cat\/?page_id=3540"},"modified":"2026-03-30T15:33:47","modified_gmt":"2026-03-30T13:33:47","slug":"quienes-somos","status":"publish","type":"page","link":"https:\/\/gagoplast.cat\/es\/quienes-somos\/","title":{"rendered":"Qui\u00e9nes somos"},"content":{"rendered":"\t\t<div data-elementor-type=\"wp-page\" data-elementor-id=\"3540\" class=\"elementor elementor-3540 elementor-2447\" data-elementor-post-type=\"page\">\n\t\t\t\t        <section class=\"elementor-section elementor-top-section elementor-element elementor-element-09f36f4 elementor-section-boxed elementor-section-height-default elementor-section-height-default pxl-type-header-none pxl-row-scroll-none pxl-bg-color-none pxl-section-overlay-none\" data-id=\"09f36f4\" data-element_type=\"section\">\n\n                \n                <div class=\"elementor-container elementor-column-gap-extended \">\n                <div class=\"elementor-column elementor-col-33 elementor-top-column elementor-element elementor-element-7e08a62 elementor-hidden-tablet elementor-hidden-mobile pxl-col-none pxl-column-none\" data-id=\"7e08a62\" data-element_type=\"column\">\r\n        <div class=\"elementor-widget-wrap elementor-element-populated\">\r\n                     \r\n        \t\t<div class=\"elementor-element elementor-element-d50b3d3 elementor-widget elementor-widget-banner_box\" data-id=\"d50b3d3\" data-element_type=\"widget\" data-widget_type=\"banner_box.default\">\n\t\t\t\t<div class=\"elementor-widget-container\">\n\t\t\t\t\t<div class=\"pxl-banner pxl-banner1 \" data-wow-delay=\"ms\">\r\n\t<div class=\"pxl-banner-inner\">\r\n\t\t\t\t\t<div class=\"pxl-item--image\">\r\n\t\t\t\t<img fetchpriority=\"high\" decoding=\"async\" width=\"1424\" height=\"1676\" src=\"https:\/\/gagoplast.cat\/wp-content\/uploads\/2025\/04\/plastic-2.png\" class=\"attachment-full\" alt=\"inyecci\u00f3n de pl\u00e1stico gagoplast\" srcset=\"https:\/\/gagoplast.cat\/wp-content\/uploads\/2025\/04\/plastic-2.png 1424w, https:\/\/gagoplast.cat\/wp-content\/uploads\/2025\/04\/plastic-2-255x300.png 255w, https:\/\/gagoplast.cat\/wp-content\/uploads\/2025\/04\/plastic-2-870x1024.png 870w, https:\/\/gagoplast.cat\/wp-content\/uploads\/2025\/04\/plastic-2-768x904.png 768w, https:\/\/gagoplast.cat\/wp-content\/uploads\/2025\/04\/plastic-2-1305x1536.png 1305w, https:\/\/gagoplast.cat\/wp-content\/uploads\/2025\/04\/plastic-2-603x710.png 603w, https:\/\/gagoplast.cat\/wp-content\/uploads\/2025\/04\/plastic-2-150x176.png 150w\" sizes=\"(max-width: 1424px) 100vw, 1424px\" \/>\t\t\t<\/div>\r\n\t\t\t\t<div class=\"pxl-item--meta\">\r\n\t\t\t\t        \t\t<\/div>\r\n\t<\/div>\r\n<\/div>\t\t\t\t<\/div>\n\t\t\t\t<\/div>\n\t\t            <\/div>\r\n        <\/div>\r\n                <div class=\"elementor-column elementor-col-66 elementor-top-column elementor-element elementor-element-65f8340 pxl-col-none pxl-column-none\" data-id=\"65f8340\" data-element_type=\"column\">\r\n        <div class=\"elementor-widget-wrap elementor-element-populated\">\r\n                     \r\n        \t\t<div class=\"elementor-element elementor-element-08e96aa elementor-widget elementor-widget-heading\" data-id=\"08e96aa\" data-element_type=\"widget\" data-widget_type=\"heading.default\">\n\t\t\t\t<div class=\"elementor-widget-container\">\n\t\t\t\t\t<div id=\"pxl-heading-08e96aa-5477\" class=\"pxl-heading typewriter-color\">\n\t<div class=\"pxl-heading--inner\">\n\t\t\t\t\t<div class=\"pxl-item--subtitle sub-style-gradient \" data-wow-delay=\"ms\">\n\t\t\t\t<span>\n\t\t\t\t\t\t\t\t\t\t\u00bfQui\u00e9nes somos?\t\t\t\t<\/span>\n\t\t\t\t\t\t\t<\/div>\n\t\t\n\t\t\t\t\t<h1 class=\"pxl-item--title  highlight-default \" data-wow-delay=\"ms\">\n\t\t\t\tDesde 1990, ofrecemos servicio a las empresas\t\t\n\t\t\t<\/h1>\n\t\t\n\t\t\t<\/div>\n<\/div>\t\t\t\t<\/div>\n\t\t\t\t<\/div>\n\t\t\t\t<div class=\"elementor-element elementor-element-8213c7f elementor-widget elementor-widget-text_editor\" data-id=\"8213c7f\" data-element_type=\"widget\" data-widget_type=\"text_editor.default\">\n\t\t\t\t<div class=\"elementor-widget-container\">\n\t\t\t\t\t<div class=\"pxl-text-editor\">\n\t<div class=\"pxl-item--inner  \" data-wow-delay=\"ms\">\n\t\t<p>GAGOPLAST, S.L. es una empresa familiar dedicada a la inyecci\u00f3n de pl\u00e1sticos t\u00e9cnicos realizando acabados y montajes si son necesarios.<\/p><p>Somos flexibles y din\u00e1micos y evolucionamos seg\u00fan necesidades. Nuestro potencial son las personas formadas en la ingenier\u00eda de los pl\u00e1sticos y motivadas por la t\u00e9cnica, la calidad y su evoluci\u00f3n para ofrecer servicio a las empresas.<\/p><p>Les asesoramos y ayudamos al cumplir sus objetivos desde el proyecto hasta la pieza terminada pasando por todas las fases, manteniendo si fuera necesario \u201cstock\u201d de seguridad. Todo esto en un marco de confidencialidad.<\/p><p>Estamos involucrados, tenemos experiencia, con la adecuada formaci\u00f3n.<\/p>\t\t\n\t<\/div>\n<\/div>\t\t\t\t<\/div>\n\t\t\t\t<\/div>\n\t\t\t\t<div class=\"elementor-element elementor-element-7612ab3 elementor-widget-divider--view-line elementor-widget elementor-widget-divider\" data-id=\"7612ab3\" data-element_type=\"widget\" data-widget_type=\"divider.default\">\n\t\t\t\t<div class=\"elementor-widget-container\">\n\t\t\t\t\t\t\t<div class=\"elementor-divider\">\n\t\t\t<span class=\"elementor-divider-separator\">\n\t\t\t\t\t\t<\/span>\n\t\t<\/div>\n\t\t\t\t\t\t<\/div>\n\t\t\t\t<\/div>\n\t\t            <\/div>\r\n        <\/div>\r\n        \t\t\t<\/div>\n\t\t<\/section>\n\t\t<div class=\"elementor-element elementor-element-e369068 e-flex e-con-boxed e-con e-parent\" data-id=\"e369068\" data-element_type=\"container\">\n\t\t\t\t\t<div class=\"e-con-inner\">\n\t\t\t\t<div class=\"elementor-element elementor-element-8116785 elementor-widget elementor-widget-title_effect\" data-id=\"8116785\" data-element_type=\"widget\" data-widget_type=\"title_effect.default\">\n\t\t\t\t<div class=\"elementor-widget-container\">\n\t\t\t\t\t\t<div class=\"pxl-title-effect pxl-title-effect1 no-effect  pxl-type-gradient\" data-wow-delay=\"ms\">\n\t\t<div class=\"pxl-title--inner\">\n\t\t\t<h2 class=\"pxl-item--title pxl-text-normal\" >\n\t\t\t\t<span class=\"pxl-text-front\">Nuestra pasi\u00f3n es el pl\u00e1stico<\/span>\n\t\t\t\t<span class=\"pxl-text-backdrop\" >Nuestra pasi\u00f3n es el pl\u00e1stico<\/span>\n\t\t\t<\/h2>\n\t\t<\/div>\n\t<\/div>\n\t\t\t\t<\/div>\n\t\t\t\t<\/div>\n\t\t\t\t\t<\/div>\n\t\t\t\t<\/div>\n\t\t        <section class=\"elementor-section elementor-top-section elementor-element elementor-element-014de5a elementor-section-stretched elementor-section-boxed elementor-section-height-default elementor-section-height-default pxl-type-header-none pxl-row-scroll-none pxl-bg-color-none pxl-section-overlay-none\" data-id=\"014de5a\" data-element_type=\"section\" id=\"instalacions\" data-settings=\"{&quot;stretch_section&quot;:&quot;section-stretched&quot;,&quot;background_background&quot;:&quot;classic&quot;}\">\n\n                \n                <div class=\"elementor-container elementor-column-gap-extended \">\n                <div class=\"elementor-column elementor-col-100 elementor-top-column elementor-element elementor-element-1a0a14b pxl-col-none pxl-column-none\" data-id=\"1a0a14b\" data-element_type=\"column\">\r\n        <div class=\"elementor-widget-wrap elementor-element-populated\">\r\n                     \r\n        \t\t<div class=\"elementor-element elementor-element-8b55e32 elementor-widget elementor-widget-heading\" data-id=\"8b55e32\" data-element_type=\"widget\" data-widget_type=\"heading.default\">\n\t\t\t\t<div class=\"elementor-widget-container\">\n\t\t\t\t\t<div id=\"pxl-heading-8b55e32-9493\" class=\"pxl-heading typewriter-color\">\n\t<div class=\"pxl-heading--inner\">\n\t\t\t\t\t<div class=\"pxl-item--subtitle sub-style-gradient \" data-wow-delay=\"ms\">\n\t\t\t\t<span>\n\t\t\t\t\t\t\t\t\t\tNuestras instalaciones\t\t\t\t<\/span>\n\t\t\t\t\t\t\t<\/div>\n\t\t\n\t\t\t\t\t<h2 class=\"pxl-item--title  highlight-default \" data-wow-delay=\"ms\">\n\t\t\t\tTodos los equipamientos necesarios para satisfacer sus necesidades\t\t\n\t\t\t<\/h2>\n\t\t\n\t\t\t<\/div>\n<\/div>\t\t\t\t<\/div>\n\t\t\t\t<\/div>\n\t\t\t\t<div class=\"elementor-element elementor-element-46586da elementor-widget elementor-widget-text_editor\" data-id=\"46586da\" data-element_type=\"widget\" data-widget_type=\"text_editor.default\">\n\t\t\t\t<div class=\"elementor-widget-container\">\n\t\t\t\t\t<div class=\"pxl-text-editor\">\n\t<div class=\"pxl-item--inner  \" data-wow-delay=\"ms\">\n\t\t<p>Disposem\u00a0de m\u00e0quines de\u00a0Injecci\u00f3\u00a0des\u00a035 Tn\u00a0fins a 160\u00a0Tn\u00a0de for\u00e7a\u00a0de tancament. Disposem dels perif\u00e8rics necessaris com ara controladors temperatura motlle, colada calenta, estufes, etc.<\/p>\t\t\n\t<\/div>\n<\/div>\t\t\t\t<\/div>\n\t\t\t\t<\/div>\n\t\t<div class=\"elementor-element elementor-element-ac4cc12 e-flex e-con-boxed e-con e-parent\" data-id=\"ac4cc12\" data-element_type=\"container\">\n\t\t\t\t\t<div class=\"e-con-inner\">\n\t\t<div class=\"elementor-element elementor-element-ccb5d5f e-con-full e-flex e-con e-child\" data-id=\"ccb5d5f\" data-element_type=\"container\" data-settings=\"{&quot;background_background&quot;:&quot;classic&quot;}\">\n\t\t\t\t<\/div>\n\t\t<div class=\"elementor-element elementor-element-a27ddc8 e-con-full e-flex e-con e-child\" data-id=\"a27ddc8\" data-element_type=\"container\" data-settings=\"{&quot;background_background&quot;:&quot;classic&quot;}\">\n\t\t\t\t<\/div>\n\t\t\t\t\t<\/div>\n\t\t\t\t<\/div>\n\t\t<div class=\"elementor-element elementor-element-1c379bd e-flex e-con-boxed e-con e-parent\" data-id=\"1c379bd\" data-element_type=\"container\">\n\t\t\t\t\t<div class=\"e-con-inner\">\n\t\t<div class=\"elementor-element elementor-element-d7e93a5 e-con-full e-flex e-con e-child\" data-id=\"d7e93a5\" data-element_type=\"container\" data-settings=\"{&quot;background_background&quot;:&quot;classic&quot;}\">\n\t\t\t\t<\/div>\n\t\t<div class=\"elementor-element elementor-element-e5c5662 e-con-full e-flex e-con e-child\" data-id=\"e5c5662\" data-element_type=\"container\" data-settings=\"{&quot;background_background&quot;:&quot;classic&quot;}\">\n\t\t\t\t<\/div>\n\t\t\t\t\t<\/div>\n\t\t\t\t<\/div>\n\t\t            <\/div>\r\n        <\/div>\r\n        \t\t\t<\/div>\n\t\t<\/section>\n\t\t        <section class=\"elementor-section elementor-top-section elementor-element elementor-element-75b61b6 elementor-section-stretched elementor-section-content-middle elementor-section-boxed elementor-section-height-default elementor-section-height-default pxl-type-header-none pxl-row-scroll-none pxl-bg-color-none pxl-section-overlay-none\" data-id=\"75b61b6\" data-element_type=\"section\" data-settings=\"{&quot;stretch_section&quot;:&quot;section-stretched&quot;,&quot;background_background&quot;:&quot;classic&quot;}\">\n\n                \n        <div id=\"pxl-row-particles-69fb1cc40487b\" class=\"pxl-row-particles\" data-number=\"4\" data-size=\"3\" data-size-random=\"false\" data-move-direction=\"top-right\" data-color=\"[&quot;&quot;]\"><\/div>        <div class=\"elementor-container elementor-column-gap-extended \">\n                <div class=\"elementor-column elementor-col-50 elementor-top-column elementor-element elementor-element-6d01099 pxl-col-none pxl-column-none\" data-id=\"6d01099\" data-element_type=\"column\">\r\n        <div class=\"elementor-widget-wrap elementor-element-populated\">\r\n                     \r\n        \t\t<div class=\"elementor-element elementor-element-ffda3bc elementor-widget elementor-widget-heading\" data-id=\"ffda3bc\" data-element_type=\"widget\" data-widget_type=\"heading.default\">\n\t\t\t\t<div class=\"elementor-widget-container\">\n\t\t\t\t\t<div id=\"pxl-heading-ffda3bc-1272\" class=\"pxl-heading typewriter-color\">\n\t<div class=\"pxl-heading--inner\">\n\t\t\n\t\t\t\t\t<h3 class=\"pxl-item--title  highlight-default \" data-wow-delay=\"ms\">\n\t\t\t\tEstamos a su disposici\u00f3n, para asesorarle\t\t\n\t\t\t<\/h3>\n\t\t\n\t\t\t<\/div>\n<\/div>\t\t\t\t<\/div>\n\t\t\t\t<\/div>\n\t\t            <\/div>\r\n        <\/div>\r\n                <div class=\"elementor-column elementor-col-50 elementor-top-column elementor-element elementor-element-b74fca4 pxl-col-none pxl-column-none\" data-id=\"b74fca4\" data-element_type=\"column\">\r\n        <div class=\"elementor-widget-wrap elementor-element-populated\">\r\n                     \r\n        \t\t<div class=\"elementor-element elementor-element-5967402 elementor-align-right elementor-align-center elementor-widget elementor-widget-el_button\" data-id=\"5967402\" data-element_type=\"widget\" data-widget_type=\"el_button.default\">\n\t\t\t\t<div class=\"elementor-widget-container\">\n\t\t\t\t\t<div id=\"pxl-el_button-5967402-4974\" class=\"pxl-button\">\r\n    <div class=\"pxl-inline-css\"  data-css=\"\r\n        \">\r\n    <\/div>\r\n    <a href=\"\/contacto\" class=\"btn pxl-icon-active  btn-block-inline   btn-nina btn-default  pxl-icon--right\" data-wow-delay=\"ms\">\r\n        <i aria-hidden=\"true\" class=\"flaticon flaticon-messenger\"><\/i>                \r\n                <span class=\"pxl--btn-text\" data-text=\"Contactar con nosotros\">\r\n            <span>C<\/span><span>o<\/span><span>n<\/span><span>t<\/span><span>a<\/span><span>c<\/span><span>t<\/span><span>a<\/span><span>r<\/span><span class=\"spacer\">&nbsp;<\/span><span>c<\/span><span>o<\/span><span>n<\/span><span class=\"spacer\">&nbsp;<\/span><span>n<\/span><span>o<\/span><span>s<\/span><span>o<\/span><span>t<\/span><span>r<\/span><span>o<\/span><span>s<\/span>        <\/span>\r\n                            <\/a>\r\n<\/div>\t\t\t\t<\/div>\n\t\t\t\t<\/div>\n\t\t            <\/div>\r\n        <\/div>\r\n        \t\t\t<\/div>\n\t\t<\/section>\n\t\t\t\t<\/div>\n\t\t","protected":false},"excerpt":{"rendered":"<p>\u00bfQui\u00e9nes somos? Desde 1990, ofrecemos servicio a las empresas GAGOPLAST, S.L. es una empresa familiar dedicada a la inyecci\u00f3n de pl\u00e1sticos t\u00e9cnicos realizando acabados y montajes si son necesarios. Somos flexibles y din\u00e1micos y evolucionamos seg\u00fan necesidades. Nuestro potencial son las personas formadas en la ingenier\u00eda de los pl\u00e1sticos y motivadas por la t\u00e9cnica, la [&hellip;]<\/p>\n","protected":false},"author":1,"featured_media":0,"parent":0,"menu_order":0,"comment_status":"closed","ping_status":"closed","template":"","meta":{"footnotes":""},"class_list":["post-3540","page","type-page","status-publish","hentry"],"yoast_head":"<!-- This site is optimized with the Yoast SEO plugin v26.8 - https:\/\/yoast.com\/product\/yoast-seo-wordpress\/ -->\n<title>Qui\u00e9nes somos \u2013 Expertos en inyecci\u00f3n de pl\u00e1sticos t\u00e9cnicos<\/title>\n<meta name=\"description\" content=\"En Gagoplast somos especialistas en inyecci\u00f3n de pl\u00e1sticos t\u00e9cnicos con a\u00f1os de experiencia, innovaci\u00f3n y compromiso con la calidad. Con\u00f3cenos mejor.\" \/>\n<meta name=\"robots\" content=\"index, follow, max-snippet:-1, max-image-preview:large, max-video-preview:-1\" \/>\n<link rel=\"canonical\" href=\"https:\/\/gagoplast.cat\/es\/quienes-somos\/\" \/>\n<meta property=\"og:locale\" content=\"es_ES\" \/>\n<meta property=\"og:type\" content=\"article\" \/>\n<meta property=\"og:title\" content=\"Qui\u00e9nes somos \u2013 Expertos en inyecci\u00f3n de pl\u00e1sticos t\u00e9cnicos\" \/>\n<meta property=\"og:description\" content=\"En Gagoplast somos especialistas en inyecci\u00f3n de pl\u00e1sticos t\u00e9cnicos con a\u00f1os de experiencia, innovaci\u00f3n y compromiso con la calidad. Con\u00f3cenos mejor.\" \/>\n<meta property=\"og:url\" content=\"https:\/\/gagoplast.cat\/es\/quienes-somos\/\" \/>\n<meta property=\"og:site_name\" content=\"Gagoplast\" \/>\n<meta property=\"article:modified_time\" content=\"2026-03-30T13:33:47+00:00\" \/>\n<meta property=\"og:image\" content=\"https:\/\/gagoplast.cat\/wp-content\/uploads\/2025\/04\/plastic-2.png\" \/>\n<meta name=\"twitter:card\" content=\"summary_large_image\" \/>\n<meta name=\"twitter:label1\" content=\"Tiempo de lectura\" \/>\n\t<meta name=\"twitter:data1\" content=\"2 minutos\" \/>\n<script type=\"application\/ld+json\" class=\"yoast-schema-graph\">{\"@context\":\"https:\/\/schema.org\",\"@graph\":[{\"@type\":\"WebPage\",\"@id\":\"https:\/\/gagoplast.cat\/es\/quienes-somos\/\",\"url\":\"https:\/\/gagoplast.cat\/es\/quienes-somos\/\",\"name\":\"Qui\u00e9nes somos \u2013 Expertos en inyecci\u00f3n de pl\u00e1sticos t\u00e9cnicos\",\"isPartOf\":{\"@id\":\"https:\/\/gagoplast.cat\/es\/#website\"},\"primaryImageOfPage\":{\"@id\":\"https:\/\/gagoplast.cat\/es\/quienes-somos\/#primaryimage\"},\"image\":{\"@id\":\"https:\/\/gagoplast.cat\/es\/quienes-somos\/#primaryimage\"},\"thumbnailUrl\":\"https:\/\/gagoplast.cat\/wp-content\/uploads\/2025\/04\/plastic-2.png\",\"datePublished\":\"2025-04-01T10:45:12+00:00\",\"dateModified\":\"2026-03-30T13:33:47+00:00\",\"description\":\"En Gagoplast somos especialistas en inyecci\u00f3n de pl\u00e1sticos t\u00e9cnicos con a\u00f1os de experiencia, innovaci\u00f3n y compromiso con la calidad. Con\u00f3cenos mejor.\",\"breadcrumb\":{\"@id\":\"https:\/\/gagoplast.cat\/es\/quienes-somos\/#breadcrumb\"},\"inLanguage\":\"es\",\"potentialAction\":[{\"@type\":\"ReadAction\",\"target\":[\"https:\/\/gagoplast.cat\/es\/quienes-somos\/\"]}]},{\"@type\":\"ImageObject\",\"inLanguage\":\"es\",\"@id\":\"https:\/\/gagoplast.cat\/es\/quienes-somos\/#primaryimage\",\"url\":\"https:\/\/gagoplast.cat\/wp-content\/uploads\/2025\/04\/plastic-2.png\",\"contentUrl\":\"https:\/\/gagoplast.cat\/wp-content\/uploads\/2025\/04\/plastic-2.png\"},{\"@type\":\"BreadcrumbList\",\"@id\":\"https:\/\/gagoplast.cat\/es\/quienes-somos\/#breadcrumb\",\"itemListElement\":[{\"@type\":\"ListItem\",\"position\":1,\"name\":\"Inici\",\"item\":\"https:\/\/gagoplast.cat\/es\/\"},{\"@type\":\"ListItem\",\"position\":2,\"name\":\"Qui\u00e9nes somos\"}]},{\"@type\":\"WebSite\",\"@id\":\"https:\/\/gagoplast.cat\/es\/#website\",\"url\":\"https:\/\/gagoplast.cat\/es\/\",\"name\":\"Gagoplast\",\"description\":\"Injecci\u00f3 de pl\u00e0stics\",\"publisher\":{\"@id\":\"https:\/\/gagoplast.cat\/es\/#organization\"},\"potentialAction\":[{\"@type\":\"SearchAction\",\"target\":{\"@type\":\"EntryPoint\",\"urlTemplate\":\"https:\/\/gagoplast.cat\/es\/?s={search_term_string}\"},\"query-input\":{\"@type\":\"PropertyValueSpecification\",\"valueRequired\":true,\"valueName\":\"search_term_string\"}}],\"inLanguage\":\"es\"},{\"@type\":\"Organization\",\"@id\":\"https:\/\/gagoplast.cat\/es\/#organization\",\"name\":\"Gagoplast\",\"url\":\"https:\/\/gagoplast.cat\/es\/\",\"logo\":{\"@type\":\"ImageObject\",\"inLanguage\":\"es\",\"@id\":\"https:\/\/gagoplast.cat\/es\/#\/schema\/logo\/image\/\",\"url\":\"https:\/\/gagoplast.cat\/wp-content\/uploads\/2025\/03\/gagoplas_logo_2025-300x240-1.png\",\"contentUrl\":\"https:\/\/gagoplast.cat\/wp-content\/uploads\/2025\/03\/gagoplas_logo_2025-300x240-1.png\",\"width\":272,\"height\":200,\"caption\":\"Gagoplast\"},\"image\":{\"@id\":\"https:\/\/gagoplast.cat\/es\/#\/schema\/logo\/image\/\"}}]}<\/script>\n<!-- \/ Yoast SEO plugin. -->","yoast_head_json":{"title":"Qui\u00e9nes somos \u2013 Expertos en inyecci\u00f3n de pl\u00e1sticos t\u00e9cnicos","description":"En Gagoplast somos especialistas en inyecci\u00f3n de pl\u00e1sticos t\u00e9cnicos con a\u00f1os de experiencia, innovaci\u00f3n y compromiso con la calidad. Con\u00f3cenos mejor.","robots":{"index":"index","follow":"follow","max-snippet":"max-snippet:-1","max-image-preview":"max-image-preview:large","max-video-preview":"max-video-preview:-1"},"canonical":"https:\/\/gagoplast.cat\/es\/quienes-somos\/","og_locale":"es_ES","og_type":"article","og_title":"Qui\u00e9nes somos \u2013 Expertos en inyecci\u00f3n de pl\u00e1sticos t\u00e9cnicos","og_description":"En Gagoplast somos especialistas en inyecci\u00f3n de pl\u00e1sticos t\u00e9cnicos con a\u00f1os de experiencia, innovaci\u00f3n y compromiso con la calidad. Con\u00f3cenos mejor.","og_url":"https:\/\/gagoplast.cat\/es\/quienes-somos\/","og_site_name":"Gagoplast","article_modified_time":"2026-03-30T13:33:47+00:00","og_image":[{"url":"https:\/\/gagoplast.cat\/wp-content\/uploads\/2025\/04\/plastic-2.png","type":"","width":"","height":""}],"twitter_card":"summary_large_image","twitter_misc":{"Tiempo de lectura":"2 minutos"},"schema":{"@context":"https:\/\/schema.org","@graph":[{"@type":"WebPage","@id":"https:\/\/gagoplast.cat\/es\/quienes-somos\/","url":"https:\/\/gagoplast.cat\/es\/quienes-somos\/","name":"Qui\u00e9nes somos \u2013 Expertos en inyecci\u00f3n de pl\u00e1sticos t\u00e9cnicos","isPartOf":{"@id":"https:\/\/gagoplast.cat\/es\/#website"},"primaryImageOfPage":{"@id":"https:\/\/gagoplast.cat\/es\/quienes-somos\/#primaryimage"},"image":{"@id":"https:\/\/gagoplast.cat\/es\/quienes-somos\/#primaryimage"},"thumbnailUrl":"https:\/\/gagoplast.cat\/wp-content\/uploads\/2025\/04\/plastic-2.png","datePublished":"2025-04-01T10:45:12+00:00","dateModified":"2026-03-30T13:33:47+00:00","description":"En Gagoplast somos especialistas en inyecci\u00f3n de pl\u00e1sticos t\u00e9cnicos con a\u00f1os de experiencia, innovaci\u00f3n y compromiso con la calidad. Con\u00f3cenos mejor.","breadcrumb":{"@id":"https:\/\/gagoplast.cat\/es\/quienes-somos\/#breadcrumb"},"inLanguage":"es","potentialAction":[{"@type":"ReadAction","target":["https:\/\/gagoplast.cat\/es\/quienes-somos\/"]}]},{"@type":"ImageObject","inLanguage":"es","@id":"https:\/\/gagoplast.cat\/es\/quienes-somos\/#primaryimage","url":"https:\/\/gagoplast.cat\/wp-content\/uploads\/2025\/04\/plastic-2.png","contentUrl":"https:\/\/gagoplast.cat\/wp-content\/uploads\/2025\/04\/plastic-2.png"},{"@type":"BreadcrumbList","@id":"https:\/\/gagoplast.cat\/es\/quienes-somos\/#breadcrumb","itemListElement":[{"@type":"ListItem","position":1,"name":"Inici","item":"https:\/\/gagoplast.cat\/es\/"},{"@type":"ListItem","position":2,"name":"Qui\u00e9nes somos"}]},{"@type":"WebSite","@id":"https:\/\/gagoplast.cat\/es\/#website","url":"https:\/\/gagoplast.cat\/es\/","name":"Gagoplast","description":"Injecci\u00f3 de pl\u00e0stics","publisher":{"@id":"https:\/\/gagoplast.cat\/es\/#organization"},"potentialAction":[{"@type":"SearchAction","target":{"@type":"EntryPoint","urlTemplate":"https:\/\/gagoplast.cat\/es\/?s={search_term_string}"},"query-input":{"@type":"PropertyValueSpecification","valueRequired":true,"valueName":"search_term_string"}}],"inLanguage":"es"},{"@type":"Organization","@id":"https:\/\/gagoplast.cat\/es\/#organization","name":"Gagoplast","url":"https:\/\/gagoplast.cat\/es\/","logo":{"@type":"ImageObject","inLanguage":"es","@id":"https:\/\/gagoplast.cat\/es\/#\/schema\/logo\/image\/","url":"https:\/\/gagoplast.cat\/wp-content\/uploads\/2025\/03\/gagoplas_logo_2025-300x240-1.png","contentUrl":"https:\/\/gagoplast.cat\/wp-content\/uploads\/2025\/03\/gagoplas_logo_2025-300x240-1.png","width":272,"height":200,"caption":"Gagoplast"},"image":{"@id":"https:\/\/gagoplast.cat\/es\/#\/schema\/logo\/image\/"}}]}},"_links":{"self":[{"href":"https:\/\/gagoplast.cat\/es\/wp-json\/wp\/v2\/pages\/3540","targetHints":{"allow":["GET"]}}],"collection":[{"href":"https:\/\/gagoplast.cat\/es\/wp-json\/wp\/v2\/pages"}],"about":[{"href":"https:\/\/gagoplast.cat\/es\/wp-json\/wp\/v2\/types\/page"}],"author":[{"embeddable":true,"href":"https:\/\/gagoplast.cat\/es\/wp-json\/wp\/v2\/users\/1"}],"replies":[{"embeddable":true,"href":"https:\/\/gagoplast.cat\/es\/wp-json\/wp\/v2\/comments?post=3540"}],"version-history":[{"count":4,"href":"https:\/\/gagoplast.cat\/es\/wp-json\/wp\/v2\/pages\/3540\/revisions"}],"predecessor-version":[{"id":4292,"href":"https:\/\/gagoplast.cat\/es\/wp-json\/wp\/v2\/pages\/3540\/revisions\/4292"}],"wp:attachment":[{"href":"https:\/\/gagoplast.cat\/es\/wp-json\/wp\/v2\/media?parent=3540"}],"curies":[{"name":"wp","href":"https:\/\/api.w.org\/{rel}","templated":true}]}}