{"id":3955,"date":"2025-04-08T12:23:55","date_gmt":"2025-04-08T10:23:55","guid":{"rendered":"https:\/\/gagoplast.cat\/?page_id=3955"},"modified":"2025-10-16T09:49:44","modified_gmt":"2025-10-16T07:49:44","slug":"efficacite-energetique","status":"publish","type":"page","link":"https:\/\/gagoplast.cat\/fr\/efficacite-energetique\/","title":{"rendered":"Efficacit\u00e9 \u00e9nerg\u00e9tique"},"content":{"rendered":"\t\t<div data-elementor-type=\"wp-page\" data-elementor-id=\"3955\" class=\"elementor elementor-3955 elementor-3032\" data-elementor-post-type=\"page\">\n\t\t\t\t        <section class=\"elementor-section elementor-top-section elementor-element elementor-element-09f36f4 elementor-section-boxed elementor-section-height-default elementor-section-height-default pxl-type-header-none pxl-row-scroll-none pxl-bg-color-none pxl-section-overlay-none\" data-id=\"09f36f4\" data-element_type=\"section\">\n\n                \n                <div class=\"elementor-container elementor-column-gap-extended \">\n                <div class=\"elementor-column elementor-col-66 elementor-top-column elementor-element elementor-element-65f8340 pxl-col-none pxl-column-none\" data-id=\"65f8340\" data-element_type=\"column\">\r\n        <div class=\"elementor-widget-wrap elementor-element-populated\">\r\n                     \r\n        \t\t<div class=\"elementor-element elementor-element-08e96aa elementor-widget elementor-widget-heading\" data-id=\"08e96aa\" data-element_type=\"widget\" data-widget_type=\"heading.default\">\n\t\t\t\t<div class=\"elementor-widget-container\">\n\t\t\t\t\t<div id=\"pxl-heading-08e96aa-5194\" class=\"pxl-heading typewriter-color\">\n\t<div class=\"pxl-heading--inner\">\n\t\t\t\t\t<div class=\"pxl-item--subtitle sub-style-gradient \" data-wow-delay=\"ms\">\n\t\t\t\t<span>\n\t\t\t\t\t\t\t\t\t\tGagoplast\t\t\t\t<\/span>\n\t\t\t\t\t\t\t<\/div>\n\t\t\n\t\t\t\t\t<h1 class=\"pxl-item--title  highlight-default \" data-wow-delay=\"ms\">\n\t\t\t\tAides \u00e0 l&#8217;efficacit\u00e9 \u00e9nerg\u00e9tique\t\t\n\t\t\t<\/h1>\n\t\t\n\t\t\t<\/div>\n<\/div>\t\t\t\t<\/div>\n\t\t\t\t<\/div>\n\t\t            <\/div>\r\n        <\/div>\r\n                <div class=\"elementor-column elementor-col-33 elementor-top-column elementor-element elementor-element-7e08a62 pxl-col-none pxl-column-none\" data-id=\"7e08a62\" data-element_type=\"column\">\r\n        <div class=\"elementor-widget-wrap elementor-element-populated\">\r\n                     \r\n        \t\t<div class=\"elementor-element elementor-element-75b52f9 elementor-widget elementor-widget-image\" data-id=\"75b52f9\" data-element_type=\"widget\" data-widget_type=\"image.default\">\n\t\t\t\t<div class=\"elementor-widget-container\">\n\t\t\t\t\t\t\t\t\t\t\t\t\t\t\t<img decoding=\"async\" width=\"290\" height=\"66\" src=\"https:\/\/gagoplast.cat\/wp-content\/uploads\/2025\/04\/ICAEN-e1626208038364.jpg\" class=\"attachment-large size-large wp-image-3380\" alt=\"logo generalitat de catalunya gagoplast\" \/>\t\t\t\t\t\t\t\t\t\t\t\t\t\t\t<\/div>\n\t\t\t\t<\/div>\n\t\t\t\t<div class=\"elementor-element elementor-element-cf40a7a elementor-widget elementor-widget-image\" data-id=\"cf40a7a\" data-element_type=\"widget\" data-widget_type=\"image.default\">\n\t\t\t\t<div class=\"elementor-widget-container\">\n\t\t\t\t\t\t\t\t\t\t\t\t\t\t\t<img fetchpriority=\"high\" decoding=\"async\" width=\"448\" height=\"136\" src=\"https:\/\/gagoplast.cat\/wp-content\/uploads\/2025\/04\/industria-e1626208103809.jpg\" class=\"attachment-large size-large wp-image-3383\" alt=\"logo fondo nacional gagoplast\" srcset=\"https:\/\/gagoplast.cat\/wp-content\/uploads\/2025\/04\/industria-e1626208103809.jpg 448w, https:\/\/gagoplast.cat\/wp-content\/uploads\/2025\/04\/industria-e1626208103809-300x91.jpg 300w\" sizes=\"(max-width: 448px) 100vw, 448px\" \/>\t\t\t\t\t\t\t\t\t\t\t\t\t\t\t<\/div>\n\t\t\t\t<\/div>\n\t\t            <\/div>\r\n        <\/div>\r\n        \t\t\t<\/div>\n\t\t<\/section>\n\t\t<div class=\"elementor-element elementor-element-a75b68d e-flex e-con-boxed e-con e-parent\" data-id=\"a75b68d\" data-element_type=\"container\">\n\t\t\t\t\t<div class=\"e-con-inner\">\n\t\t\t\t<div class=\"elementor-element elementor-element-e2c11e5 elementor-widget elementor-widget-heading\" data-id=\"e2c11e5\" data-element_type=\"widget\" data-widget_type=\"heading.default\">\n\t\t\t\t<div class=\"elementor-widget-container\">\n\t\t\t\t\t<div id=\"pxl-heading-e2c11e5-8912\" class=\"pxl-heading typewriter-color\">\n\t<div class=\"pxl-heading--inner\">\n\t\t\n\t\t\t\t\t<h2 class=\"pxl-item--title  highlight-default \" data-wow-delay=\"ms\">\n\t\t\t\tProjet efficacit\u00e9 \u00e9nerg\u00e9tique\t\t\n\t\t\t<\/h2>\n\t\t\n\t\t\t<\/div>\n<\/div>\t\t\t\t<\/div>\n\t\t\t\t<\/div>\n\t\t\t\t\t<\/div>\n\t\t\t\t<\/div>\n\t\t        <section class=\"elementor-section elementor-top-section elementor-element elementor-element-014de5a elementor-section-stretched elementor-section-boxed elementor-section-height-default elementor-section-height-default pxl-type-header-none pxl-row-scroll-none pxl-bg-color-none pxl-section-overlay-none\" data-id=\"014de5a\" data-element_type=\"section\" id=\"instalacions\" data-settings=\"{&quot;stretch_section&quot;:&quot;section-stretched&quot;,&quot;background_background&quot;:&quot;classic&quot;}\">\n\n                \n                <div class=\"elementor-container elementor-column-gap-extended \">\n                <div class=\"elementor-column elementor-col-100 elementor-top-column elementor-element elementor-element-1a0a14b pxl-col-none pxl-column-none\" data-id=\"1a0a14b\" data-element_type=\"column\">\r\n        <div class=\"elementor-widget-wrap elementor-element-populated\">\r\n                     \r\n        \t\t<div class=\"elementor-element elementor-element-46586da elementor-widget elementor-widget-text_editor\" data-id=\"46586da\" data-element_type=\"widget\" data-widget_type=\"text_editor.default\">\n\t\t\t\t<div class=\"elementor-widget-container\">\n\t\t\t\t\t<div class=\"pxl-text-editor\">\n\t<div class=\"pxl-item--inner  \" data-wow-delay=\"ms\">\n\t\t<p>Projet inscrit dans le cadre du programme d&#8217;aide aux \u00e9conomies et \u00e0 l&#8217;efficacit\u00e9 \u00e9nerg\u00e9tiques des PME et des grandes entreprises du secteur industriel, cofinanc\u00e9 par le Fonds europ\u00e9en de d\u00e9veloppement r\u00e9gional (FEDER) et g\u00e9r\u00e9 par l&#8217;IDAE (Institut pour la diversification et l&#8217;\u00e9conomie d&#8217;\u00e9nergie) du Fonds europ\u00e9en de d\u00e9veloppement r\u00e9gional\u00a0; en Catalogne, il est g\u00e9r\u00e9 par l&#8217;ICAEN.<\/p><p>Ce projet d&#8217;efficacit\u00e9 \u00e9nerg\u00e9tique pr\u00e9voit le remplacement d&#8217;une machine d&#8217;injection plus \u00e9conome en \u00e9nergie dans la zone d&#8217;injection plastique.<\/p><p>L&#8217;objectif est ainsi de r\u00e9duire la consommation \u00e9lectrique de la zone d&#8217;injection plastique de l&#8217;usine Gagoplast.<\/p>\t\t\n\t<\/div>\n<\/div>\t\t\t\t<\/div>\n\t\t\t\t<\/div>\n\t\t\t\t<div class=\"elementor-element elementor-element-b99be1c elementor-widget elementor-widget-image\" data-id=\"b99be1c\" data-element_type=\"widget\" data-widget_type=\"image.default\">\n\t\t\t\t<div class=\"elementor-widget-container\">\n\t\t\t\t\t\t\t\t\t\t\t\t\t\t\t<img decoding=\"async\" width=\"843\" height=\"75\" src=\"https:\/\/gagoplast.cat\/wp-content\/uploads\/2025\/04\/project-table-2021-cas-2.jpg\" class=\"attachment-large size-large wp-image-3523\" alt=\"eficiencia energetica gagoplast\" srcset=\"https:\/\/gagoplast.cat\/wp-content\/uploads\/2025\/04\/project-table-2021-cas-2.jpg 843w, https:\/\/gagoplast.cat\/wp-content\/uploads\/2025\/04\/project-table-2021-cas-2-300x27.jpg 300w, https:\/\/gagoplast.cat\/wp-content\/uploads\/2025\/04\/project-table-2021-cas-2-768x68.jpg 768w\" sizes=\"(max-width: 843px) 100vw, 843px\" \/>\t\t\t\t\t\t\t\t\t\t\t\t\t\t\t<\/div>\n\t\t\t\t<\/div>\n\t\t            <\/div>\r\n        <\/div>\r\n        \t\t\t<\/div>\n\t\t<\/section>\n\t\t        <section class=\"elementor-section elementor-top-section elementor-element elementor-element-75b61b6 elementor-section-stretched elementor-section-content-middle elementor-section-boxed elementor-section-height-default elementor-section-height-default pxl-type-header-none pxl-row-scroll-none pxl-bg-color-none pxl-section-overlay-none\" data-id=\"75b61b6\" data-element_type=\"section\" data-settings=\"{&quot;stretch_section&quot;:&quot;section-stretched&quot;,&quot;background_background&quot;:&quot;classic&quot;}\">\n\n                \n        <div id=\"pxl-row-particles-69fb2ae4dafdc\" class=\"pxl-row-particles\" data-number=\"4\" data-size=\"3\" data-size-random=\"false\" data-move-direction=\"top-right\" data-color=\"[&quot;&quot;]\"><\/div>        <div class=\"elementor-container elementor-column-gap-extended \">\n                <div class=\"elementor-column elementor-col-50 elementor-top-column elementor-element elementor-element-6d01099 pxl-col-none pxl-column-none\" data-id=\"6d01099\" data-element_type=\"column\">\r\n        <div class=\"elementor-widget-wrap elementor-element-populated\">\r\n                     \r\n        \t\t<div class=\"elementor-element elementor-element-ffda3bc elementor-widget elementor-widget-heading\" data-id=\"ffda3bc\" data-element_type=\"widget\" data-widget_type=\"heading.default\">\n\t\t\t\t<div class=\"elementor-widget-container\">\n\t\t\t\t\t<div id=\"pxl-heading-ffda3bc-1845\" class=\"pxl-heading typewriter-color\">\n\t<div class=\"pxl-heading--inner\">\n\t\t\n\t\t\t\t\t<h3 class=\"pxl-item--title  highlight-default \" data-wow-delay=\"ms\">\n\t\t\t\tNous sommes \u00e0 votre disposition pour vous conseiller.\t\t\n\t\t\t<\/h3>\n\t\t\n\t\t\t<\/div>\n<\/div>\t\t\t\t<\/div>\n\t\t\t\t<\/div>\n\t\t            <\/div>\r\n        <\/div>\r\n                <div class=\"elementor-column elementor-col-50 elementor-top-column elementor-element elementor-element-b74fca4 pxl-col-none pxl-column-none\" data-id=\"b74fca4\" data-element_type=\"column\">\r\n        <div class=\"elementor-widget-wrap elementor-element-populated\">\r\n                     \r\n        \t\t<div class=\"elementor-element elementor-element-5967402 elementor-align-right elementor-align-center elementor-widget elementor-widget-el_button\" data-id=\"5967402\" data-element_type=\"widget\" data-widget_type=\"el_button.default\">\n\t\t\t\t<div class=\"elementor-widget-container\">\n\t\t\t\t\t<div id=\"pxl-el_button-5967402-9651\" class=\"pxl-button\">\r\n    <div class=\"pxl-inline-css\"  data-css=\"\r\n        \">\r\n    <\/div>\r\n    <a href=\"\/fr\/contact\" class=\"btn pxl-icon-active  btn-block-inline   btn-nina btn-default  pxl-icon--right\" data-wow-delay=\"ms\">\r\n        <i aria-hidden=\"true\" class=\"flaticon flaticon-messenger\"><\/i>                \r\n                <span class=\"pxl--btn-text\" data-text=\"Contactez-nous\">\r\n            <span>C<\/span><span>o<\/span><span>n<\/span><span>t<\/span><span>a<\/span><span>c<\/span><span>t<\/span><span>e<\/span><span>z<\/span><span>-<\/span><span>n<\/span><span>o<\/span><span>u<\/span><span>s<\/span>        <\/span>\r\n                            <\/a>\r\n<\/div>\t\t\t\t<\/div>\n\t\t\t\t<\/div>\n\t\t            <\/div>\r\n        <\/div>\r\n        \t\t\t<\/div>\n\t\t<\/section>\n\t\t\t\t<\/div>\n\t\t","protected":false},"excerpt":{"rendered":"<p>Gagoplast Aides \u00e0 l&#8217;efficacit\u00e9 \u00e9nerg\u00e9tique Projet efficacit\u00e9 \u00e9nerg\u00e9tique Projet inscrit dans le cadre du programme d&#8217;aide aux \u00e9conomies et \u00e0 l&#8217;efficacit\u00e9 \u00e9nerg\u00e9tiques des PME et des grandes entreprises du secteur industriel, cofinanc\u00e9 par le Fonds europ\u00e9en de d\u00e9veloppement r\u00e9gional (FEDER) et g\u00e9r\u00e9 par l&#8217;IDAE (Institut pour la diversification et l&#8217;\u00e9conomie d&#8217;\u00e9nergie) du Fonds europ\u00e9en de [&hellip;]<\/p>\n","protected":false},"author":1,"featured_media":0,"parent":0,"menu_order":0,"comment_status":"closed","ping_status":"closed","template":"","meta":{"footnotes":""},"class_list":["post-3955","page","type-page","status-publish","hentry"],"yoast_head":"<!-- This site is optimized with the Yoast SEO plugin v26.8 - https:\/\/yoast.com\/product\/yoast-seo-wordpress\/ -->\n<title>Efficacit\u00e9 \u00e9nerg\u00e9tique \u2013 Engagement durable Gagoplast<\/title>\n<meta name=\"description\" content=\"D\u00e9couvrez comment Gagoplast r\u00e9duit sa consommation et mise sur la durabilit\u00e9 gr\u00e2ce \u00e0 des technologies efficaces dans l\u2019injection plastique.\" \/>\n<meta name=\"robots\" content=\"index, follow, max-snippet:-1, max-image-preview:large, max-video-preview:-1\" \/>\n<link rel=\"canonical\" href=\"https:\/\/gagoplast.cat\/fr\/efficacite-energetique\/\" \/>\n<meta property=\"og:locale\" content=\"fr_FR\" \/>\n<meta property=\"og:type\" content=\"article\" \/>\n<meta property=\"og:title\" content=\"Efficacit\u00e9 \u00e9nerg\u00e9tique \u2013 Engagement durable Gagoplast\" \/>\n<meta property=\"og:description\" content=\"D\u00e9couvrez comment Gagoplast r\u00e9duit sa consommation et mise sur la durabilit\u00e9 gr\u00e2ce \u00e0 des technologies efficaces dans l\u2019injection plastique.\" \/>\n<meta property=\"og:url\" content=\"https:\/\/gagoplast.cat\/fr\/efficacite-energetique\/\" \/>\n<meta property=\"og:site_name\" content=\"Gagoplast\" \/>\n<meta property=\"article:modified_time\" content=\"2025-10-16T07:49:44+00:00\" \/>\n<meta property=\"og:image\" content=\"https:\/\/gagoplast.cat\/wp-content\/uploads\/2025\/04\/ICAEN-e1626208038364.jpg\" \/>\n\t<meta property=\"og:image:width\" content=\"290\" \/>\n\t<meta property=\"og:image:height\" content=\"66\" \/>\n\t<meta property=\"og:image:type\" content=\"image\/jpeg\" \/>\n<meta name=\"twitter:card\" content=\"summary_large_image\" \/>\n<meta name=\"twitter:label1\" content=\"Dur\u00e9e de lecture estim\u00e9e\" \/>\n\t<meta name=\"twitter:data1\" content=\"2 minutes\" \/>\n<script type=\"application\/ld+json\" class=\"yoast-schema-graph\">{\"@context\":\"https:\/\/schema.org\",\"@graph\":[{\"@type\":\"WebPage\",\"@id\":\"https:\/\/gagoplast.cat\/fr\/efficacite-energetique\/\",\"url\":\"https:\/\/gagoplast.cat\/fr\/efficacite-energetique\/\",\"name\":\"Efficacit\u00e9 \u00e9nerg\u00e9tique \u2013 Engagement durable Gagoplast\",\"isPartOf\":{\"@id\":\"https:\/\/gagoplast.cat\/fr\/#website\"},\"primaryImageOfPage\":{\"@id\":\"https:\/\/gagoplast.cat\/fr\/efficacite-energetique\/#primaryimage\"},\"image\":{\"@id\":\"https:\/\/gagoplast.cat\/fr\/efficacite-energetique\/#primaryimage\"},\"thumbnailUrl\":\"https:\/\/gagoplast.cat\/wp-content\/uploads\/2025\/04\/ICAEN-e1626208038364.jpg\",\"datePublished\":\"2025-04-08T10:23:55+00:00\",\"dateModified\":\"2025-10-16T07:49:44+00:00\",\"description\":\"D\u00e9couvrez comment Gagoplast r\u00e9duit sa consommation et mise sur la durabilit\u00e9 gr\u00e2ce \u00e0 des technologies efficaces dans l\u2019injection plastique.\",\"breadcrumb\":{\"@id\":\"https:\/\/gagoplast.cat\/fr\/efficacite-energetique\/#breadcrumb\"},\"inLanguage\":\"fr-FR\",\"potentialAction\":[{\"@type\":\"ReadAction\",\"target\":[\"https:\/\/gagoplast.cat\/fr\/efficacite-energetique\/\"]}]},{\"@type\":\"ImageObject\",\"inLanguage\":\"fr-FR\",\"@id\":\"https:\/\/gagoplast.cat\/fr\/efficacite-energetique\/#primaryimage\",\"url\":\"https:\/\/gagoplast.cat\/wp-content\/uploads\/2025\/04\/ICAEN-e1626208038364.jpg\",\"contentUrl\":\"https:\/\/gagoplast.cat\/wp-content\/uploads\/2025\/04\/ICAEN-e1626208038364.jpg\"},{\"@type\":\"BreadcrumbList\",\"@id\":\"https:\/\/gagoplast.cat\/fr\/efficacite-energetique\/#breadcrumb\",\"itemListElement\":[{\"@type\":\"ListItem\",\"position\":1,\"name\":\"Inici\",\"item\":\"https:\/\/gagoplast.cat\/fr\/\"},{\"@type\":\"ListItem\",\"position\":2,\"name\":\"Efficacit\u00e9 \u00e9nerg\u00e9tique\"}]},{\"@type\":\"WebSite\",\"@id\":\"https:\/\/gagoplast.cat\/fr\/#website\",\"url\":\"https:\/\/gagoplast.cat\/fr\/\",\"name\":\"Gagoplast\",\"description\":\"Injecci\u00f3 de pl\u00e0stics\",\"publisher\":{\"@id\":\"https:\/\/gagoplast.cat\/fr\/#organization\"},\"potentialAction\":[{\"@type\":\"SearchAction\",\"target\":{\"@type\":\"EntryPoint\",\"urlTemplate\":\"https:\/\/gagoplast.cat\/fr\/?s={search_term_string}\"},\"query-input\":{\"@type\":\"PropertyValueSpecification\",\"valueRequired\":true,\"valueName\":\"search_term_string\"}}],\"inLanguage\":\"fr-FR\"},{\"@type\":\"Organization\",\"@id\":\"https:\/\/gagoplast.cat\/fr\/#organization\",\"name\":\"Gagoplast\",\"url\":\"https:\/\/gagoplast.cat\/fr\/\",\"logo\":{\"@type\":\"ImageObject\",\"inLanguage\":\"fr-FR\",\"@id\":\"https:\/\/gagoplast.cat\/fr\/#\/schema\/logo\/image\/\",\"url\":\"https:\/\/gagoplast.cat\/wp-content\/uploads\/2025\/03\/gagoplas_logo_2025-300x240-1.png\",\"contentUrl\":\"https:\/\/gagoplast.cat\/wp-content\/uploads\/2025\/03\/gagoplas_logo_2025-300x240-1.png\",\"width\":272,\"height\":200,\"caption\":\"Gagoplast\"},\"image\":{\"@id\":\"https:\/\/gagoplast.cat\/fr\/#\/schema\/logo\/image\/\"}}]}<\/script>\n<!-- \/ Yoast SEO plugin. -->","yoast_head_json":{"title":"Efficacit\u00e9 \u00e9nerg\u00e9tique \u2013 Engagement durable Gagoplast","description":"D\u00e9couvrez comment Gagoplast r\u00e9duit sa consommation et mise sur la durabilit\u00e9 gr\u00e2ce \u00e0 des technologies efficaces dans l\u2019injection plastique.","robots":{"index":"index","follow":"follow","max-snippet":"max-snippet:-1","max-image-preview":"max-image-preview:large","max-video-preview":"max-video-preview:-1"},"canonical":"https:\/\/gagoplast.cat\/fr\/efficacite-energetique\/","og_locale":"fr_FR","og_type":"article","og_title":"Efficacit\u00e9 \u00e9nerg\u00e9tique \u2013 Engagement durable Gagoplast","og_description":"D\u00e9couvrez comment Gagoplast r\u00e9duit sa consommation et mise sur la durabilit\u00e9 gr\u00e2ce \u00e0 des technologies efficaces dans l\u2019injection plastique.","og_url":"https:\/\/gagoplast.cat\/fr\/efficacite-energetique\/","og_site_name":"Gagoplast","article_modified_time":"2025-10-16T07:49:44+00:00","og_image":[{"width":290,"height":66,"url":"https:\/\/gagoplast.cat\/wp-content\/uploads\/2025\/04\/ICAEN-e1626208038364.jpg","type":"image\/jpeg"}],"twitter_card":"summary_large_image","twitter_misc":{"Dur\u00e9e de lecture estim\u00e9e":"2 minutes"},"schema":{"@context":"https:\/\/schema.org","@graph":[{"@type":"WebPage","@id":"https:\/\/gagoplast.cat\/fr\/efficacite-energetique\/","url":"https:\/\/gagoplast.cat\/fr\/efficacite-energetique\/","name":"Efficacit\u00e9 \u00e9nerg\u00e9tique \u2013 Engagement durable Gagoplast","isPartOf":{"@id":"https:\/\/gagoplast.cat\/fr\/#website"},"primaryImageOfPage":{"@id":"https:\/\/gagoplast.cat\/fr\/efficacite-energetique\/#primaryimage"},"image":{"@id":"https:\/\/gagoplast.cat\/fr\/efficacite-energetique\/#primaryimage"},"thumbnailUrl":"https:\/\/gagoplast.cat\/wp-content\/uploads\/2025\/04\/ICAEN-e1626208038364.jpg","datePublished":"2025-04-08T10:23:55+00:00","dateModified":"2025-10-16T07:49:44+00:00","description":"D\u00e9couvrez comment Gagoplast r\u00e9duit sa consommation et mise sur la durabilit\u00e9 gr\u00e2ce \u00e0 des technologies efficaces dans l\u2019injection plastique.","breadcrumb":{"@id":"https:\/\/gagoplast.cat\/fr\/efficacite-energetique\/#breadcrumb"},"inLanguage":"fr-FR","potentialAction":[{"@type":"ReadAction","target":["https:\/\/gagoplast.cat\/fr\/efficacite-energetique\/"]}]},{"@type":"ImageObject","inLanguage":"fr-FR","@id":"https:\/\/gagoplast.cat\/fr\/efficacite-energetique\/#primaryimage","url":"https:\/\/gagoplast.cat\/wp-content\/uploads\/2025\/04\/ICAEN-e1626208038364.jpg","contentUrl":"https:\/\/gagoplast.cat\/wp-content\/uploads\/2025\/04\/ICAEN-e1626208038364.jpg"},{"@type":"BreadcrumbList","@id":"https:\/\/gagoplast.cat\/fr\/efficacite-energetique\/#breadcrumb","itemListElement":[{"@type":"ListItem","position":1,"name":"Inici","item":"https:\/\/gagoplast.cat\/fr\/"},{"@type":"ListItem","position":2,"name":"Efficacit\u00e9 \u00e9nerg\u00e9tique"}]},{"@type":"WebSite","@id":"https:\/\/gagoplast.cat\/fr\/#website","url":"https:\/\/gagoplast.cat\/fr\/","name":"Gagoplast","description":"Injecci\u00f3 de pl\u00e0stics","publisher":{"@id":"https:\/\/gagoplast.cat\/fr\/#organization"},"potentialAction":[{"@type":"SearchAction","target":{"@type":"EntryPoint","urlTemplate":"https:\/\/gagoplast.cat\/fr\/?s={search_term_string}"},"query-input":{"@type":"PropertyValueSpecification","valueRequired":true,"valueName":"search_term_string"}}],"inLanguage":"fr-FR"},{"@type":"Organization","@id":"https:\/\/gagoplast.cat\/fr\/#organization","name":"Gagoplast","url":"https:\/\/gagoplast.cat\/fr\/","logo":{"@type":"ImageObject","inLanguage":"fr-FR","@id":"https:\/\/gagoplast.cat\/fr\/#\/schema\/logo\/image\/","url":"https:\/\/gagoplast.cat\/wp-content\/uploads\/2025\/03\/gagoplas_logo_2025-300x240-1.png","contentUrl":"https:\/\/gagoplast.cat\/wp-content\/uploads\/2025\/03\/gagoplas_logo_2025-300x240-1.png","width":272,"height":200,"caption":"Gagoplast"},"image":{"@id":"https:\/\/gagoplast.cat\/fr\/#\/schema\/logo\/image\/"}}]}},"_links":{"self":[{"href":"https:\/\/gagoplast.cat\/fr\/wp-json\/wp\/v2\/pages\/3955","targetHints":{"allow":["GET"]}}],"collection":[{"href":"https:\/\/gagoplast.cat\/fr\/wp-json\/wp\/v2\/pages"}],"about":[{"href":"https:\/\/gagoplast.cat\/fr\/wp-json\/wp\/v2\/types\/page"}],"author":[{"embeddable":true,"href":"https:\/\/gagoplast.cat\/fr\/wp-json\/wp\/v2\/users\/1"}],"replies":[{"embeddable":true,"href":"https:\/\/gagoplast.cat\/fr\/wp-json\/wp\/v2\/comments?post=3955"}],"version-history":[{"count":7,"href":"https:\/\/gagoplast.cat\/fr\/wp-json\/wp\/v2\/pages\/3955\/revisions"}],"predecessor-version":[{"id":4165,"href":"https:\/\/gagoplast.cat\/fr\/wp-json\/wp\/v2\/pages\/3955\/revisions\/4165"}],"wp:attachment":[{"href":"https:\/\/gagoplast.cat\/fr\/wp-json\/wp\/v2\/media?parent=3955"}],"curies":[{"name":"wp","href":"https:\/\/api.w.org\/{rel}","templated":true}]}}