{"id":3976,"date":"2025-04-01T14:21:40","date_gmt":"2025-04-01T12:21:40","guid":{"rendered":"https:\/\/gagoplast.cat\/?page_id=3976"},"modified":"2025-05-20T10:03:27","modified_gmt":"2025-05-20T08:03:27","slug":"politique-de-confidentialite","status":"publish","type":"page","link":"https:\/\/gagoplast.cat\/fr\/politique-de-confidentialite\/","title":{"rendered":"Politique de confidentialit\u00e9"},"content":{"rendered":"\t\t<div data-elementor-type=\"wp-page\" data-elementor-id=\"3976\" class=\"elementor elementor-3976 elementor-2552\" data-elementor-post-type=\"page\">\n\t\t\t\t        <section class=\"elementor-section elementor-top-section elementor-element elementor-element-3334228 elementor-section-boxed elementor-section-height-default elementor-section-height-default pxl-type-header-none pxl-row-scroll-none pxl-bg-color-none pxl-section-overlay-none\" data-id=\"3334228\" data-element_type=\"section\">\n\n                \n                <div class=\"elementor-container elementor-column-gap-extended \">\n                <div class=\"elementor-column elementor-col-100 elementor-top-column elementor-element elementor-element-13b8670 pxl-col-none pxl-column-none\" data-id=\"13b8670\" data-element_type=\"column\">\r\n        <div class=\"elementor-widget-wrap elementor-element-populated\">\r\n                     \r\n        \t\t<div class=\"elementor-element elementor-element-244016c elementor-widget elementor-widget-heading\" data-id=\"244016c\" data-element_type=\"widget\" data-widget_type=\"heading.default\">\n\t\t\t\t<div class=\"elementor-widget-container\">\n\t\t\t\t\t<div id=\"pxl-heading-244016c-8330\" class=\"pxl-heading typewriter-color\">\n\t<div class=\"pxl-heading--inner\">\n\t\t\t\t\t<div class=\"pxl-item--subtitle sub-style-gradient \" data-wow-delay=\"ms\">\n\t\t\t\t<span>\n\t\t\t\t\t\t\t\t\t\tPOLITIQUE DE CONFIDENTIALIT\u00c9\t\t\t\t<\/span>\n\t\t\t\t\t\t\t<\/div>\n\t\t\n\t\t\t\t\t<h3 class=\"pxl-item--title  highlight-default \" data-wow-delay=\"ms\">\n\t\t\t\t1. INFORMATIONS \u00c0 L&#8217;UTILISATEUR\t\t\n\t\t\t<\/h3>\n\t\t\n\t\t\t<\/div>\n<\/div>\t\t\t\t<\/div>\n\t\t\t\t<\/div>\n\t\t\t\t<div class=\"elementor-element elementor-element-0c926d1 elementor-widget elementor-widget-text_editor\" data-id=\"0c926d1\" data-element_type=\"widget\" data-widget_type=\"text_editor.default\">\n\t\t\t\t<div class=\"elementor-widget-container\">\n\t\t\t\t\t<div class=\"pxl-text-editor\">\n\t<div class=\"pxl-item--inner  \" data-wow-delay=\"ms\">\n\t\t<p><strong>GAGOPLAST, S.L.<\/strong>, ci-apr\u00e8s RESPONSABLE, est le Responsable du traitement des donn\u00e9es personnelles de l&#8217;Utilisateur et vous informe que ces donn\u00e9es seront trait\u00e9es conform\u00e9ment aux dispositions du R\u00e8glement (UE) 2016\/679 du 27 avril 2016 (RGPD) relatif \u00e0 la protection des personnes physiques \u00e0 l&#8217;\u00e9gard du traitement des donn\u00e9es \u00e0 caract\u00e8re personnel et \u00e0 la libre circulation de ces donn\u00e9es. Les informations suivantes concernant le traitement sont fournies:<\/p><p><strong>Finalit\u00e9 du traitement:<\/strong> entretenir une relation commerciale avec l&#8217;Utilisateur. Les op\u00e9rations pr\u00e9vues pour effectuer le traitement sont\u00a0:<\/p><p>Envoi de communications commerciales et publicitaires par e-mail, fax, SMS, MMS, r\u00e9seaux sociaux ou tout autre moyen \u00e9lectronique ou physique, pr\u00e9sent ou futur, permettant la r\u00e9alisation de communications commerciales. Ces communications seront effectu\u00e9es par le RESPONSABLE et concerneront ses produits et services, ou ses collaborateurs ou fournisseurs avec lesquels il a conclu un accord promotionnel. Dans ce cas, les tiers n&#8217;auront jamais acc\u00e8s aux donn\u00e9es personnelles.<br \/>R\u00e9alisation d&#8217;\u00e9tudes statistiques. Traiter les demandes ou tout type de requ\u00eate formul\u00e9es par l&#8217;utilisateur via l&#8217;un des formulaires de contact mis \u00e0 sa disposition.<\/p><p>Envoi de la newsletter du site web.<\/p><p><strong>Base juridique du traitement:<\/strong> consentement de la personne concern\u00e9e.<\/p><p><strong>Crit\u00e8res de conservation des donn\u00e9es:<\/strong> elles seront conserv\u00e9es tant qu&#8217;il existe un int\u00e9r\u00eat mutuel \u00e0 maintenir la finalit\u00e9 du traitement et, lorsqu&#8217;elles ne seront plus n\u00e9cessaires \u00e0 cette fin, elles seront supprim\u00e9es avec des mesures de s\u00e9curit\u00e9 appropri\u00e9es pour garantir la pseudonymisation des donn\u00e9es ou leur destruction totale.<\/p><p><strong>Communication des donn\u00e9es:<\/strong> Les donn\u00e9es ne seront pas communiqu\u00e9es \u00e0 des tiers, sauf obligation l\u00e9gale.<\/p>\t\t\n\t<\/div>\n<\/div>\t\t\t\t<\/div>\n\t\t\t\t<\/div>\n\t\t\t\t<div class=\"elementor-element elementor-element-993b2f6 elementor-widget elementor-widget-heading\" data-id=\"993b2f6\" data-element_type=\"widget\" data-widget_type=\"heading.default\">\n\t\t\t\t<div class=\"elementor-widget-container\">\n\t\t\t\t\t<div id=\"pxl-heading-993b2f6-5342\" class=\"pxl-heading typewriter-color\">\n\t<div class=\"pxl-heading--inner\">\n\t\t\n\t\t\t\t\t<h3 class=\"pxl-item--title  highlight-default \" data-wow-delay=\"ms\">\n\t\t\t\tDroits qui aident l&#8217;Utilisateur :\t\t\n\t\t\t<\/h3>\n\t\t\n\t\t\t<\/div>\n<\/div>\t\t\t\t<\/div>\n\t\t\t\t<\/div>\n\t\t\t\t<div class=\"elementor-element elementor-element-b63e263 elementor-widget elementor-widget-text_editor\" data-id=\"b63e263\" data-element_type=\"widget\" data-widget_type=\"text_editor.default\">\n\t\t\t\t<div class=\"elementor-widget-container\">\n\t\t\t\t\t<div class=\"pxl-text-editor\">\n\t<div class=\"pxl-item--inner  \" data-wow-delay=\"ms\">\n\t\t<ul><li>Droit de retirer son consentement \u00e0 tout moment.<\/li><li>Droit d&#8217;acc\u00e8s, de rectification, de portabilit\u00e9 et de suppression de vos donn\u00e9es et de limitation ou d&#8217;opposition \u00e0 leur traitement.<\/li><li>Droit de d\u00e9poser une plainte aupr\u00e8s de l&#8217;Autorit\u00e9 de Contr\u00f4le (<a href=\"http:\/\/www.aepd.es\">www.aepd.es<\/a>) si vous estimez que le traitement n&#8217;est pas conforme \u00e0 la r\u00e9glementation en vigueur.<\/li><\/ul>\t\t\n\t<\/div>\n<\/div>\t\t\t\t<\/div>\n\t\t\t\t<\/div>\n\t\t\t\t<div class=\"elementor-element elementor-element-effe809 elementor-widget elementor-widget-heading\" data-id=\"effe809\" data-element_type=\"widget\" data-widget_type=\"heading.default\">\n\t\t\t\t<div class=\"elementor-widget-container\">\n\t\t\t\t\t<div id=\"pxl-heading-effe809-3178\" class=\"pxl-heading typewriter-color\">\n\t<div class=\"pxl-heading--inner\">\n\t\t\n\t\t\t\t\t<h3 class=\"pxl-item--title  highlight-default \" data-wow-delay=\"ms\">\n\t\t\t\tCoordonn\u00e9es pour exercer vos droits :\t\t\n\t\t\t<\/h3>\n\t\t\n\t\t\t<\/div>\n<\/div>\t\t\t\t<\/div>\n\t\t\t\t<\/div>\n\t\t\t\t<div class=\"elementor-element elementor-element-aafa8ea elementor-widget elementor-widget-text_editor\" data-id=\"aafa8ea\" data-element_type=\"widget\" data-widget_type=\"text_editor.default\">\n\t\t\t\t<div class=\"elementor-widget-container\">\n\t\t\t\t\t<div class=\"pxl-text-editor\">\n\t<div class=\"pxl-item--inner  \" data-wow-delay=\"ms\">\n\t\t<p>Adresse postale : GAGOPLAST, S.L. Carrer Tomas Alba Edisson, 30, 08787 La Pobla de Claramunt (Barcelone). E-mail : <a href=\"mailto:info@gagoplast.cat\">info@gagoplast.cat<\/a><\/p>\t\t\n\t<\/div>\n<\/div>\t\t\t\t<\/div>\n\t\t\t\t<\/div>\n\t\t\t\t<div class=\"elementor-element elementor-element-c83fa36 elementor-widget elementor-widget-heading\" data-id=\"c83fa36\" data-element_type=\"widget\" data-widget_type=\"heading.default\">\n\t\t\t\t<div class=\"elementor-widget-container\">\n\t\t\t\t\t<div id=\"pxl-heading-c83fa36-9286\" class=\"pxl-heading typewriter-color\">\n\t<div class=\"pxl-heading--inner\">\n\t\t\n\t\t\t\t\t<h3 class=\"pxl-item--title  highlight-default \" data-wow-delay=\"ms\">\n\t\t\t\t2. CARACT\u00c8RE OBLIGATOIRE OU FACULTATIF DES INFORMATIONS FOURNIES PAR L&#8217;UTILISATEUR\t\t\n\t\t\t<\/h3>\n\t\t\n\t\t\t<\/div>\n<\/div>\t\t\t\t<\/div>\n\t\t\t\t<\/div>\n\t\t\t\t<div class=\"elementor-element elementor-element-8286405 elementor-widget elementor-widget-text_editor\" data-id=\"8286405\" data-element_type=\"widget\" data-widget_type=\"text_editor.default\">\n\t\t\t\t<div class=\"elementor-widget-container\">\n\t\t\t\t\t<div class=\"pxl-text-editor\">\n\t<div class=\"pxl-item--inner  \" data-wow-delay=\"ms\">\n\t\t<p>En cochant les cases correspondantes et en saisissant les donn\u00e9es dans les champs marqu\u00e9s d&#8217;un ast\u00e9risque (*) du formulaire de contact ou des formulaires de t\u00e9l\u00e9chargement, l&#8217;Utilisateur accepte express\u00e9ment, librement et sans \u00e9quivoque que ses donn\u00e9es soient n\u00e9cessaires au prestataire pour r\u00e9pondre \u00e0 sa demande, la saisie des donn\u00e9es dans les autres champs \u00e9tant facultative. L&#8217;Utilisateur garantit l&#8217;exactitude des donn\u00e9es personnelles fournies au RESPONSABLE et s&#8217;engage \u00e0 communiquer toute modification de celles-ci.<\/p><p>Le RESPONSABLE informe et garantit express\u00e9ment aux utilisateurs que leurs donn\u00e9es personnelles ne seront en aucun cas c\u00e9d\u00e9es \u00e0 des tiers et que, pour toute cession de donn\u00e9es personnelles, leur consentement expr\u00e8s, \u00e9clair\u00e9 et sans \u00e9quivoque sera pr\u00e9alablement requis.<\/p><p>Toutes les donn\u00e9es demand\u00e9es sur le site web sont obligatoires, car elles sont n\u00e9cessaires \u00e0 la fourniture d&#8217;un service optimal \u00e0 l&#8217;utilisateur. \u00c0 d\u00e9faut de fournir toutes les donn\u00e9es, l&#8217;ad\u00e9quation des informations et des services fournis \u00e0 vos besoins n&#8217;est pas garantie.<\/p>\t\t\n\t<\/div>\n<\/div>\t\t\t\t<\/div>\n\t\t\t\t<\/div>\n\t\t\t\t<div class=\"elementor-element elementor-element-8e5b4ca elementor-widget elementor-widget-heading\" data-id=\"8e5b4ca\" data-element_type=\"widget\" data-widget_type=\"heading.default\">\n\t\t\t\t<div class=\"elementor-widget-container\">\n\t\t\t\t\t<div id=\"pxl-heading-8e5b4ca-1454\" class=\"pxl-heading typewriter-color\">\n\t<div class=\"pxl-heading--inner\">\n\t\t\n\t\t\t\t\t<h3 class=\"pxl-item--title  highlight-default \" data-wow-delay=\"ms\">\n\t\t\t\t3. MESURES DE S\u00c9CURIT\u00c9\t\t\n\t\t\t<\/h3>\n\t\t\n\t\t\t<\/div>\n<\/div>\t\t\t\t<\/div>\n\t\t\t\t<\/div>\n\t\t\t\t<div class=\"elementor-element elementor-element-3f6ccb8 elementor-widget elementor-widget-text_editor\" data-id=\"3f6ccb8\" data-element_type=\"widget\" data-widget_type=\"text_editor.default\">\n\t\t\t\t<div class=\"elementor-widget-container\">\n\t\t\t\t\t<div class=\"pxl-text-editor\">\n\t<div class=\"pxl-item--inner  \" data-wow-delay=\"ms\">\n\t\t<p>Conform\u00e9ment aux dispositions de la r\u00e9glementation en vigueur relative \u00e0 la protection des donn\u00e9es personnelles, le RESPONSABLE se conforme \u00e0 toutes les dispositions du RGPD relatives au traitement des donn\u00e9es personnelles sous sa responsabilit\u00e9, et notamment aux principes d\u00e9crits \u00e0 l&#8217;article 5 du RGPD, selon lesquels le traitement des donn\u00e9es personnelles est licite, loyal et transparent \u00e0 l&#8217;\u00e9gard de la personne concern\u00e9e, et qu&#8217;il est ad\u00e9quat, pertinent et limit\u00e9 \u00e0 ce qui est n\u00e9cessaire au regard des finalit\u00e9s pour lesquelles il est effectu\u00e9.<\/p><p>Le RESPONSABLE garantit avoir mis en \u0153uvre des politiques techniques et organisationnelles appropri\u00e9es pour appliquer les mesures de s\u00e9curit\u00e9 \u00e9tablies par le RGPD afin de prot\u00e9ger les droits et libert\u00e9s des Utilisateurs et leur avoir communiqu\u00e9 les informations n\u00e9cessaires pour qu&#8217;ils puissent les exercer.<\/p>\t\t\n\t<\/div>\n<\/div>\t\t\t\t<\/div>\n\t\t\t\t<\/div>\n\t\t            <\/div>\r\n        <\/div>\r\n        \t\t\t<\/div>\n\t\t<\/section>\n\t\t\t\t<\/div>\n\t\t","protected":false},"excerpt":{"rendered":"<p>POLITIQUE DE CONFIDENTIALIT\u00c9 1. INFORMATIONS \u00c0 L&#8217;UTILISATEUR GAGOPLAST, S.L., ci-apr\u00e8s RESPONSABLE, est le Responsable du traitement des donn\u00e9es personnelles de l&#8217;Utilisateur et vous informe que ces donn\u00e9es seront trait\u00e9es conform\u00e9ment aux dispositions du R\u00e8glement (UE) 2016\/679 du 27 avril 2016 (RGPD) relatif \u00e0 la protection des personnes physiques \u00e0 l&#8217;\u00e9gard du traitement des donn\u00e9es \u00e0 [&hellip;]<\/p>\n","protected":false},"author":1,"featured_media":0,"parent":0,"menu_order":0,"comment_status":"closed","ping_status":"closed","template":"","meta":{"footnotes":""},"class_list":["post-3976","page","type-page","status-publish","hentry"],"yoast_head":"<!-- This site is optimized with the Yoast SEO plugin v26.8 - https:\/\/yoast.com\/product\/yoast-seo-wordpress\/ -->\n<title>Politique de confidentialit\u00e9 - Gagoplast<\/title>\n<meta name=\"robots\" content=\"index, follow, max-snippet:-1, max-image-preview:large, max-video-preview:-1\" \/>\n<link rel=\"canonical\" href=\"https:\/\/gagoplast.cat\/fr\/politique-de-confidentialite\/\" \/>\n<meta property=\"og:locale\" content=\"fr_FR\" \/>\n<meta property=\"og:type\" content=\"article\" \/>\n<meta property=\"og:title\" content=\"Politique de confidentialit\u00e9 - Gagoplast\" \/>\n<meta property=\"og:description\" content=\"POLITIQUE DE CONFIDENTIALIT\u00c9 1. INFORMATIONS \u00c0 L&#8217;UTILISATEUR GAGOPLAST, S.L., ci-apr\u00e8s RESPONSABLE, est le Responsable du traitement des donn\u00e9es personnelles de l&#8217;Utilisateur et vous informe que ces donn\u00e9es seront trait\u00e9es conform\u00e9ment aux dispositions du R\u00e8glement (UE) 2016\/679 du 27 avril 2016 (RGPD) relatif \u00e0 la protection des personnes physiques \u00e0 l&#8217;\u00e9gard du traitement des donn\u00e9es \u00e0 [&hellip;]\" \/>\n<meta property=\"og:url\" content=\"https:\/\/gagoplast.cat\/fr\/politique-de-confidentialite\/\" \/>\n<meta property=\"og:site_name\" content=\"Gagoplast\" \/>\n<meta property=\"article:modified_time\" content=\"2025-05-20T08:03:27+00:00\" \/>\n<meta name=\"twitter:card\" content=\"summary_large_image\" \/>\n<meta name=\"twitter:label1\" content=\"Dur\u00e9e de lecture estim\u00e9e\" \/>\n\t<meta name=\"twitter:data1\" content=\"4 minutes\" \/>\n<script type=\"application\/ld+json\" class=\"yoast-schema-graph\">{\"@context\":\"https:\/\/schema.org\",\"@graph\":[{\"@type\":\"WebPage\",\"@id\":\"https:\/\/gagoplast.cat\/fr\/politique-de-confidentialite\/\",\"url\":\"https:\/\/gagoplast.cat\/fr\/politique-de-confidentialite\/\",\"name\":\"Politique de confidentialit\u00e9 - Gagoplast\",\"isPartOf\":{\"@id\":\"https:\/\/gagoplast.cat\/fr\/#website\"},\"datePublished\":\"2025-04-01T12:21:40+00:00\",\"dateModified\":\"2025-05-20T08:03:27+00:00\",\"breadcrumb\":{\"@id\":\"https:\/\/gagoplast.cat\/fr\/politique-de-confidentialite\/#breadcrumb\"},\"inLanguage\":\"fr-FR\",\"potentialAction\":[{\"@type\":\"ReadAction\",\"target\":[\"https:\/\/gagoplast.cat\/fr\/politique-de-confidentialite\/\"]}]},{\"@type\":\"BreadcrumbList\",\"@id\":\"https:\/\/gagoplast.cat\/fr\/politique-de-confidentialite\/#breadcrumb\",\"itemListElement\":[{\"@type\":\"ListItem\",\"position\":1,\"name\":\"Inici\",\"item\":\"https:\/\/gagoplast.cat\/fr\/\"},{\"@type\":\"ListItem\",\"position\":2,\"name\":\"Politique de confidentialit\u00e9\"}]},{\"@type\":\"WebSite\",\"@id\":\"https:\/\/gagoplast.cat\/fr\/#website\",\"url\":\"https:\/\/gagoplast.cat\/fr\/\",\"name\":\"Gagoplast\",\"description\":\"Injecci\u00f3 de pl\u00e0stics\",\"publisher\":{\"@id\":\"https:\/\/gagoplast.cat\/fr\/#organization\"},\"potentialAction\":[{\"@type\":\"SearchAction\",\"target\":{\"@type\":\"EntryPoint\",\"urlTemplate\":\"https:\/\/gagoplast.cat\/fr\/?s={search_term_string}\"},\"query-input\":{\"@type\":\"PropertyValueSpecification\",\"valueRequired\":true,\"valueName\":\"search_term_string\"}}],\"inLanguage\":\"fr-FR\"},{\"@type\":\"Organization\",\"@id\":\"https:\/\/gagoplast.cat\/fr\/#organization\",\"name\":\"Gagoplast\",\"url\":\"https:\/\/gagoplast.cat\/fr\/\",\"logo\":{\"@type\":\"ImageObject\",\"inLanguage\":\"fr-FR\",\"@id\":\"https:\/\/gagoplast.cat\/fr\/#\/schema\/logo\/image\/\",\"url\":\"https:\/\/gagoplast.cat\/wp-content\/uploads\/2025\/03\/gagoplas_logo_2025-300x240-1.png\",\"contentUrl\":\"https:\/\/gagoplast.cat\/wp-content\/uploads\/2025\/03\/gagoplas_logo_2025-300x240-1.png\",\"width\":272,\"height\":200,\"caption\":\"Gagoplast\"},\"image\":{\"@id\":\"https:\/\/gagoplast.cat\/fr\/#\/schema\/logo\/image\/\"}}]}<\/script>\n<!-- \/ Yoast SEO plugin. -->","yoast_head_json":{"title":"Politique de confidentialit\u00e9 - Gagoplast","robots":{"index":"index","follow":"follow","max-snippet":"max-snippet:-1","max-image-preview":"max-image-preview:large","max-video-preview":"max-video-preview:-1"},"canonical":"https:\/\/gagoplast.cat\/fr\/politique-de-confidentialite\/","og_locale":"fr_FR","og_type":"article","og_title":"Politique de confidentialit\u00e9 - Gagoplast","og_description":"POLITIQUE DE CONFIDENTIALIT\u00c9 1. INFORMATIONS \u00c0 L&#8217;UTILISATEUR GAGOPLAST, S.L., ci-apr\u00e8s RESPONSABLE, est le Responsable du traitement des donn\u00e9es personnelles de l&#8217;Utilisateur et vous informe que ces donn\u00e9es seront trait\u00e9es conform\u00e9ment aux dispositions du R\u00e8glement (UE) 2016\/679 du 27 avril 2016 (RGPD) relatif \u00e0 la protection des personnes physiques \u00e0 l&#8217;\u00e9gard du traitement des donn\u00e9es \u00e0 [&hellip;]","og_url":"https:\/\/gagoplast.cat\/fr\/politique-de-confidentialite\/","og_site_name":"Gagoplast","article_modified_time":"2025-05-20T08:03:27+00:00","twitter_card":"summary_large_image","twitter_misc":{"Dur\u00e9e de lecture estim\u00e9e":"4 minutes"},"schema":{"@context":"https:\/\/schema.org","@graph":[{"@type":"WebPage","@id":"https:\/\/gagoplast.cat\/fr\/politique-de-confidentialite\/","url":"https:\/\/gagoplast.cat\/fr\/politique-de-confidentialite\/","name":"Politique de confidentialit\u00e9 - Gagoplast","isPartOf":{"@id":"https:\/\/gagoplast.cat\/fr\/#website"},"datePublished":"2025-04-01T12:21:40+00:00","dateModified":"2025-05-20T08:03:27+00:00","breadcrumb":{"@id":"https:\/\/gagoplast.cat\/fr\/politique-de-confidentialite\/#breadcrumb"},"inLanguage":"fr-FR","potentialAction":[{"@type":"ReadAction","target":["https:\/\/gagoplast.cat\/fr\/politique-de-confidentialite\/"]}]},{"@type":"BreadcrumbList","@id":"https:\/\/gagoplast.cat\/fr\/politique-de-confidentialite\/#breadcrumb","itemListElement":[{"@type":"ListItem","position":1,"name":"Inici","item":"https:\/\/gagoplast.cat\/fr\/"},{"@type":"ListItem","position":2,"name":"Politique de confidentialit\u00e9"}]},{"@type":"WebSite","@id":"https:\/\/gagoplast.cat\/fr\/#website","url":"https:\/\/gagoplast.cat\/fr\/","name":"Gagoplast","description":"Injecci\u00f3 de pl\u00e0stics","publisher":{"@id":"https:\/\/gagoplast.cat\/fr\/#organization"},"potentialAction":[{"@type":"SearchAction","target":{"@type":"EntryPoint","urlTemplate":"https:\/\/gagoplast.cat\/fr\/?s={search_term_string}"},"query-input":{"@type":"PropertyValueSpecification","valueRequired":true,"valueName":"search_term_string"}}],"inLanguage":"fr-FR"},{"@type":"Organization","@id":"https:\/\/gagoplast.cat\/fr\/#organization","name":"Gagoplast","url":"https:\/\/gagoplast.cat\/fr\/","logo":{"@type":"ImageObject","inLanguage":"fr-FR","@id":"https:\/\/gagoplast.cat\/fr\/#\/schema\/logo\/image\/","url":"https:\/\/gagoplast.cat\/wp-content\/uploads\/2025\/03\/gagoplas_logo_2025-300x240-1.png","contentUrl":"https:\/\/gagoplast.cat\/wp-content\/uploads\/2025\/03\/gagoplas_logo_2025-300x240-1.png","width":272,"height":200,"caption":"Gagoplast"},"image":{"@id":"https:\/\/gagoplast.cat\/fr\/#\/schema\/logo\/image\/"}}]}},"_links":{"self":[{"href":"https:\/\/gagoplast.cat\/fr\/wp-json\/wp\/v2\/pages\/3976","targetHints":{"allow":["GET"]}}],"collection":[{"href":"https:\/\/gagoplast.cat\/fr\/wp-json\/wp\/v2\/pages"}],"about":[{"href":"https:\/\/gagoplast.cat\/fr\/wp-json\/wp\/v2\/types\/page"}],"author":[{"embeddable":true,"href":"https:\/\/gagoplast.cat\/fr\/wp-json\/wp\/v2\/users\/1"}],"replies":[{"embeddable":true,"href":"https:\/\/gagoplast.cat\/fr\/wp-json\/wp\/v2\/comments?post=3976"}],"version-history":[{"count":0,"href":"https:\/\/gagoplast.cat\/fr\/wp-json\/wp\/v2\/pages\/3976\/revisions"}],"wp:attachment":[{"href":"https:\/\/gagoplast.cat\/fr\/wp-json\/wp\/v2\/media?parent=3976"}],"curies":[{"name":"wp","href":"https:\/\/api.w.org\/{rel}","templated":true}]}}